{"id":99782,"date":"2025-09-12T12:42:14","date_gmt":"2025-09-12T10:42:14","guid":{"rendered":"https:\/\/www.fiatvanderlaan.com\/product\/interflon-fin-gear-additive\/"},"modified":"2025-09-12T12:53:41","modified_gmt":"2025-09-12T10:53:41","slug":"interflon-fin-gear-additive","status":"publish","type":"product","link":"https:\/\/www.fiatvanderlaan.com\/fr\/produit\/interflon-fin-gear-additive\/","title":{"rendered":"Interflon Fin Gear Additive"},"content":{"rendered":"<p><strong>Additif pour huile de transmission<\/strong><\/p>\n<p>Am\u00e9liore les performances de l&#8217;huile de transmission et r\u00e9duit les vibrations et le bruit bien au-del\u00e0 des normes universelles. A utiliser lorsque l&#8217;huile atteint sa limite de performance ou ne r\u00e9pond pas aux exigences de l&#8217;application. Contient la technologie MicPol\u00ae qui offre un \u00e9quilibre optimal entre la stabilit\u00e9 thermique et la protection contre l&#8217;usure pour une durabilit\u00e9 \u00e0 toute \u00e9preuve. Apporte une valeur ajout\u00e9e en r\u00e9duisant la temp\u00e9rature de l&#8217;huile et le frottement tout en prolongeant la dur\u00e9e de vie utile de l&#8217;huile.   <\/p>\n<p><strong>Applications<\/strong><\/p>\n<p>Pour l&#8217;utilisation dans les transmissions ferm\u00e9es, les diff\u00e9rentiels finaux, les prises de force et les transmissions dans les voitures, les camions, les bus et les motos ; les \u00e9quipements agricoles, marins et de construction, les chariots \u00e9l\u00e9vateurs, les tondeuses \u00e0 gazon, les groupes \u00e9lectrog\u00e8nes et de nombreux autres types de v\u00e9hicules et de machines.<\/p>\n<p>Ne convient pas aux transmissions \u00e0 embrayage humide.<\/p>\n<p>Peut \u00eatre m\u00e9lang\u00e9 avec la plupart des huiles de transmission min\u00e9rales ou synth\u00e9tiques, \u00e0 l&#8217;exception des lubrifiants \u00e0 base de polyglycol. Ne convient pas aux syst\u00e8mes dans lesquels des filtres de &lt; 20 microns sont utilis\u00e9s. <\/p>\n<p><strong>Avantages<\/strong><\/p>\n<ul>\n<li>Changement de vitesse plus souple<\/li>\n<li>R\u00e9duction des vibrations, du bruit et de la temp\u00e9rature de l&#8217;huile<\/li>\n<li>R\u00e9duction de la consommation d&#8217;\u00e9nergie<\/li>\n<li>Prolonge la dur\u00e9e de vie utile de l&#8217;huile<\/li>\n<li>Assure une meilleure protection des joints d&#8217;\u00e9tanch\u00e9it\u00e9<\/li>\n<\/ul>\n<p><strong>Mode d&#8217;emploi<\/strong><\/p>\n<p>Agitez ou remuez avant utilisation en fonction de la taille de l&#8217;emballage. Vidangez l&#8217;huile usag\u00e9e et changez les filtres le cas \u00e9ch\u00e9ant. M\u00e9langez 4 \u00e0 6 % d&#8217;additif Interflon Fin Gear \u00e0 l&#8217;huile neuve lors de chaque vidange. Consultez votre conseiller technique pour v\u00e9rifier la compatibilit\u00e9.   <\/p>\n<p>Ne convient pas aux transmissions automatiques.<\/p>\n<p>FDS <a href=\"https:\/\/static.interflon.com\/assets\/SDS2\/8008_SDS_FR_fr_Interflon_Fin_Gear_Additive.pdf\" target=\"_blank\" rel=\"noopener\">: https:\/\/static.interflon.com\/assets\/SDS2\/8008_SDS_FR_fr_Interflon_Fin_Gear_Additive.pdf<\/a><\/p>\n<p>TDS <a href=\"https:\/\/static.interflon.com\/assets\/TDS2\/8008_TDS_FR_fr_Interflon_Fin_Gear_Additive.pdf\" target=\"_blank\" rel=\"noopener\">: https:\/\/static.interflon.com\/assets\/TDS2\/8008_TDS_FR_fr_Interflon_Fin_Gear_Additive.pdf<\/a><\/p>\n","protected":false},"excerpt":{"rendered":"<p>Additif pour huile de transmission Am\u00e9liore les performances de l&#8217;huile de transmission et r\u00e9duit les vibrations et le bruit bien au-del\u00e0 des normes universelles. A utiliser lorsque l&#8217;huile atteint sa limite de performance ou ne r\u00e9pond pas aux exigences de l&#8217;application. Contient la technologie MicPol\u00ae qui offre un \u00e9quilibre optimal entre la stabilit\u00e9 thermique et [&hellip;]<\/p>\n","protected":false},"featured_media":99779,"template":"","meta":{"_acf_changed":false,"_seopress_robots_primary_cat":"","_seopress_titles_title":"","_seopress_titles_desc":"","_seopress_robots_index":"","site-sidebar-layout":"default","site-content-layout":"","ast-site-content-layout":"default","site-content-style":"default","site-sidebar-style":"default","ast-global-header-display":"","ast-banner-title-visibility":"","ast-main-header-display":"","ast-hfb-above-header-display":"","ast-hfb-below-header-display":"","ast-hfb-mobile-header-display":"","site-post-title":"","ast-breadcrumbs-content":"","ast-featured-img":"","footer-sml-layout":"","ast-disable-related-posts":"","theme-transparent-header-meta":"default","adv-header-id-meta":"","stick-header-meta":"default","header-above-stick-meta":"","header-main-stick-meta":"","header-below-stick-meta":"","astra-migrate-meta-layouts":"default","ast-page-background-enabled":"default","ast-page-background-meta":{"desktop":{"background-color":"var(--ast-global-color-4)","background-image":"","background-repeat":"repeat","background-position":"center center","background-size":"auto","background-attachment":"scroll","background-type":"","background-media":"","overlay-type":"","overlay-color":"","overlay-opacity":"","overlay-gradient":""},"tablet":{"background-color":"","background-image":"","background-repeat":"repeat","background-position":"center center","background-size":"auto","background-attachment":"scroll","background-type":"","background-media":"","overlay-type":"","overlay-color":"","overlay-opacity":"","overlay-gradient":""},"mobile":{"background-color":"","background-image":"","background-repeat":"repeat","background-position":"center center","background-size":"auto","background-attachment":"scroll","background-type":"","background-media":"","overlay-type":"","overlay-color":"","overlay-opacity":"","overlay-gradient":""}},"ast-content-background-meta":{"desktop":{"background-color":"var(--ast-global-color-5)","background-image":"","background-repeat":"repeat","background-position":"center center","background-size":"auto","background-attachment":"scroll","background-type":"","background-media":"","overlay-type":"","overlay-color":"","overlay-opacity":"","overlay-gradient":""},"tablet":{"background-color":"var(--ast-global-color-5)","background-image":"","background-repeat":"repeat","background-position":"center center","background-size":"auto","background-attachment":"scroll","background-type":"","background-media":"","overlay-type":"","overlay-color":"","overlay-opacity":"","overlay-gradient":""},"mobile":{"background-color":"var(--ast-global-color-5)","background-image":"","background-repeat":"repeat","background-position":"center center","background-size":"auto","background-attachment":"scroll","background-type":"","background-media":"","overlay-type":"","overlay-color":"","overlay-opacity":"","overlay-gradient":""}}},"product_brand":[1093],"product_cat":[849],"product_tag":[],"class_list":{"0":"post-99782","1":"product","2":"type-product","3":"status-publish","4":"has-post-thumbnail","6":"product_brand-interflon","7":"product_cat-lubrifiants-et-liquides","8":"desktop-align-center","9":"tablet-align-center","10":"mobile-align-center","11":"ast-product-gallery-layout-horizontal-slider","12":"ast-product-gallery-with-no-image","13":"ast-magnify-disabled","14":"ast-product-tabs-layout-distributed","15":"ast-qv-on-image","17":"first","18":"instock","19":"taxable","20":"shipping-taxable","21":"purchasable","22":"product-type-simple","23":"add-to-wishlist-after_add_to_cart"},"bundled_by":[],"bundle_stock_status":"instock","bundle_stock_quantity":1,"bundle_virtual":false,"bundle_layout":"","bundle_add_to_cart_form_location":"","bundle_editable_in_cart":false,"bundle_sold_individually_context":"","bundle_item_grouping":"","bundle_min_size":"","bundle_max_size":"","bundle_price":[],"bundled_items":[],"bundle_sell_ids":[],"acf":[],"_links":{"self":[{"href":"https:\/\/www.fiatvanderlaan.com\/fr\/wp-json\/wp\/v2\/product\/99782","targetHints":{"allow":["GET"]}}],"collection":[{"href":"https:\/\/www.fiatvanderlaan.com\/fr\/wp-json\/wp\/v2\/product"}],"about":[{"href":"https:\/\/www.fiatvanderlaan.com\/fr\/wp-json\/wp\/v2\/types\/product"}],"wp:featuredmedia":[{"embeddable":true,"href":"https:\/\/www.fiatvanderlaan.com\/fr\/wp-json\/wp\/v2\/media\/99779"}],"wp:attachment":[{"href":"https:\/\/www.fiatvanderlaan.com\/fr\/wp-json\/wp\/v2\/media?parent=99782"}],"wp:term":[{"taxonomy":"product_brand","embeddable":true,"href":"https:\/\/www.fiatvanderlaan.com\/fr\/wp-json\/wp\/v2\/product_brand?post=99782"},{"taxonomy":"product_cat","embeddable":true,"href":"https:\/\/www.fiatvanderlaan.com\/fr\/wp-json\/wp\/v2\/product_cat?post=99782"},{"taxonomy":"product_tag","embeddable":true,"href":"https:\/\/www.fiatvanderlaan.com\/fr\/wp-json\/wp\/v2\/product_tag?post=99782"}],"curies":[{"name":"wp","href":"https:\/\/api.w.org\/{rel}","templated":true}]}}