{"id":77289,"date":"2025-03-05T15:39:43","date_gmt":"2025-03-05T14:41:40","guid":{"rendered":"https:\/\/www.fiatvanderlaan.com\/product\/graisse-pour-engrenages-kroon-oil-gear-grease-ep-00-000\/"},"modified":"2026-05-10T14:49:11","modified_gmt":"2026-05-10T12:49:11","slug":"graisse-pour-engrenages-kroon-oil-gear-grease-ep-00-000","status":"publish","type":"product","link":"https:\/\/www.fiatvanderlaan.com\/fr\/produit\/graisse-pour-engrenages-kroon-oil-gear-grease-ep-00-000\/","title":{"rendered":"Graisse pour engrenages &#8211; Kroon Oil Gear Grease EP 00\/000"},"content":{"rendered":"<p>Il convient parfaitement \u00e0 une utilisation dans un bo\u00eetier de direction. Il emp\u00eache \u00e9galement les fuites au niveau du bo\u00eetier de direction. <\/p>\n<p>Gear Grease EP 00\/000 est une graisse semi-fluide, polyvalente, \u00e0 base d&#8217;huiles de base tr\u00e8s visqueuses et bien raffin\u00e9es et d&#8217;un savon de lithium comme \u00e9paississant. Des additifs &#8220;Extreme Pressure&#8221; et autres ont \u00e9t\u00e9 ajout\u00e9s pour obtenir les propri\u00e9t\u00e9s suivantes :<br \/>\n&#8211; Forte adh\u00e9rence au m\u00e9tal<br \/>\n&#8211; Excellent d\u00e9placement de l&#8217;eau<br \/>\n&#8211; Tr\u00e8s bonne stabilit\u00e9<br \/>\n&#8211; Bonnes propri\u00e9t\u00e9s anti-corrosion et anti-usure<br \/>\n&#8211; Tr\u00e8s bonne pompabilit\u00e9<br \/>\n&#8211; Excellentes propri\u00e9t\u00e9s Extreme Pressure.<\/p>\n<p>Sp\u00e9cifications du produit :<br \/>\n&#8211; N.L.G.I. Class : 00\/000<br \/>\n&#8211; DIN 51 502, GP : 00\/000 K-50<br \/>\n&#8211; MAN : 283 Li-P00 (niveau)<\/p>\n<p>Analyses standard typiques :<br \/>\n&#8211; P\u00e9n\u00e9tration (barattage), 0,1 mm : 430<br \/>\n&#8211; Point de goutte, \u00b0C : 160<br \/>\n&#8211; Plage de temp\u00e9rature, \u00b0C : -50\/120<br \/>\n&#8211; Viscosit\u00e9 de l&#8217;huile de base, 40 \u00b0C, mm\u00b2\/s : 45.00<br \/>\n&#8211; Charge de soudage \u00e0 4 billes, N : 2200<\/p>\n","protected":false},"excerpt":{"rendered":"<p>Il convient parfaitement \u00e0 une utilisation dans un bo\u00eetier de direction. Il emp\u00eache \u00e9galement les fuites au niveau du bo\u00eetier de direction. Gear Grease EP 00\/000 est une graisse semi-fluide, polyvalente, \u00e0 base d&#8217;huiles de base tr\u00e8s visqueuses et bien raffin\u00e9es et d&#8217;un savon de lithium comme \u00e9paississant. Des additifs &#8220;Extreme Pressure&#8221; et autres ont [&hellip;]<\/p>\n","protected":false},"featured_media":77287,"template":"","meta":{"_acf_changed":false,"_seopress_robots_primary_cat":"","_seopress_titles_title":"","_seopress_titles_desc":"","_seopress_robots_index":"","site-sidebar-layout":"default","site-content-layout":"","ast-site-content-layout":"default","site-content-style":"default","site-sidebar-style":"default","ast-global-header-display":"","ast-banner-title-visibility":"","ast-main-header-display":"","ast-hfb-above-header-display":"","ast-hfb-below-header-display":"","ast-hfb-mobile-header-display":"","site-post-title":"","ast-breadcrumbs-content":"","ast-featured-img":"","footer-sml-layout":"","ast-disable-related-posts":"","theme-transparent-header-meta":"default","adv-header-id-meta":"","stick-header-meta":"default","header-above-stick-meta":"","header-main-stick-meta":"","header-below-stick-meta":"","astra-migrate-meta-layouts":"default","ast-page-background-enabled":"default","ast-page-background-meta":{"desktop":{"background-color":"var(--ast-global-color-4)","background-image":"","background-repeat":"repeat","background-position":"center center","background-size":"auto","background-attachment":"scroll","background-type":"","background-media":"","overlay-type":"","overlay-color":"","overlay-opacity":"","overlay-gradient":""},"tablet":{"background-color":"","background-image":"","background-repeat":"repeat","background-position":"center center","background-size":"auto","background-attachment":"scroll","background-type":"","background-media":"","overlay-type":"","overlay-color":"","overlay-opacity":"","overlay-gradient":""},"mobile":{"background-color":"","background-image":"","background-repeat":"repeat","background-position":"center center","background-size":"auto","background-attachment":"scroll","background-type":"","background-media":"","overlay-type":"","overlay-color":"","overlay-opacity":"","overlay-gradient":""}},"ast-content-background-meta":{"desktop":{"background-color":"var(--ast-global-color-5)","background-image":"","background-repeat":"repeat","background-position":"center center","background-size":"auto","background-attachment":"scroll","background-type":"","background-media":"","overlay-type":"","overlay-color":"","overlay-opacity":"","overlay-gradient":""},"tablet":{"background-color":"var(--ast-global-color-5)","background-image":"","background-repeat":"repeat","background-position":"center center","background-size":"auto","background-attachment":"scroll","background-type":"","background-media":"","overlay-type":"","overlay-color":"","overlay-opacity":"","overlay-gradient":""},"mobile":{"background-color":"var(--ast-global-color-5)","background-image":"","background-repeat":"repeat","background-position":"center center","background-size":"auto","background-attachment":"scroll","background-type":"","background-media":"","overlay-type":"","overlay-color":"","overlay-opacity":"","overlay-gradient":""}}},"product_brand":[1042],"product_cat":[849],"product_tag":[],"class_list":{"0":"post-77289","1":"product","2":"type-product","3":"status-publish","4":"has-post-thumbnail","6":"product_brand-kroon-oil","7":"product_cat-lubrifiants-et-liquides","8":"desktop-align-center","9":"tablet-align-center","10":"mobile-align-center","11":"ast-product-gallery-layout-horizontal-slider","12":"ast-product-gallery-with-no-image","13":"ast-magnify-disabled","14":"ast-product-tabs-layout-distributed","15":"ast-qv-on-image","17":"first","18":"instock","19":"taxable","20":"shipping-taxable","21":"purchasable","22":"product-type-simple","23":"add-to-wishlist-after_add_to_cart"},"bundled_by":[],"bundle_stock_status":"instock","bundle_stock_quantity":3,"bundle_virtual":false,"bundle_layout":"","bundle_add_to_cart_form_location":"","bundle_editable_in_cart":false,"bundle_sold_individually_context":"","bundle_item_grouping":"","bundle_min_size":"","bundle_max_size":"","bundle_price":[],"bundled_items":[],"bundle_sell_ids":[],"acf":[],"_links":{"self":[{"href":"https:\/\/www.fiatvanderlaan.com\/fr\/wp-json\/wp\/v2\/product\/77289","targetHints":{"allow":["GET"]}}],"collection":[{"href":"https:\/\/www.fiatvanderlaan.com\/fr\/wp-json\/wp\/v2\/product"}],"about":[{"href":"https:\/\/www.fiatvanderlaan.com\/fr\/wp-json\/wp\/v2\/types\/product"}],"wp:featuredmedia":[{"embeddable":true,"href":"https:\/\/www.fiatvanderlaan.com\/fr\/wp-json\/wp\/v2\/media\/77287"}],"wp:attachment":[{"href":"https:\/\/www.fiatvanderlaan.com\/fr\/wp-json\/wp\/v2\/media?parent=77289"}],"wp:term":[{"taxonomy":"product_brand","embeddable":true,"href":"https:\/\/www.fiatvanderlaan.com\/fr\/wp-json\/wp\/v2\/product_brand?post=77289"},{"taxonomy":"product_cat","embeddable":true,"href":"https:\/\/www.fiatvanderlaan.com\/fr\/wp-json\/wp\/v2\/product_cat?post=77289"},{"taxonomy":"product_tag","embeddable":true,"href":"https:\/\/www.fiatvanderlaan.com\/fr\/wp-json\/wp\/v2\/product_tag?post=77289"}],"curies":[{"name":"wp","href":"https:\/\/api.w.org\/{rel}","templated":true}]}}