{"id":71766,"date":"2024-12-18T20:21:17","date_gmt":"2024-12-18T19:21:17","guid":{"rendered":"https:\/\/www.fiatvanderlaan.com\/product\/boite-de-vitesses-revisee-a-5-vitesses-synchronisees\/"},"modified":"2025-09-19T15:05:49","modified_gmt":"2025-09-19T13:05:49","slug":"boite-de-vitesses-revisee-a-5-vitesses-synchronisees","status":"publish","type":"product","link":"https:\/\/www.fiatvanderlaan.com\/fr\/produit\/boite-de-vitesses-revisee-a-5-vitesses-synchronisees\/","title":{"rendered":"Bo\u00eete de vitesses r\u00e9vis\u00e9e \u00e0 5 vitesses synchronis\u00e9es"},"content":{"rendered":"<p>Cette bo\u00eete de vitesses est r\u00e9vis\u00e9e par une entreprise italienne qui travaille avec ce type de bo\u00eetes de vitesses depuis plus de 20 ans.<\/p>\n<p>Sp\u00e9cifications :<\/p>\n<ul>\n<li>Synchronis\u00e9<\/li>\n<li>5 vitesses<\/li>\n<li>8-39<\/li>\n<li>Arbre d&#8217;entra\u00eenement de 25 mm<\/li>\n<li>Convient \u00e0 la R (600cc) ou \u00e0 d&#8217;autres mod\u00e8les Fiat 500 de 650cc<\/li>\n<li>L&#8217;emplacement du moteur de d\u00e9marrage est \u00e0 droite<\/li>\n<li>Nouvelle huile<\/li>\n<li>Garantie 6 mois<\/li>\n<\/ul>\n<p>L&#8217;ancienne bo\u00eete de vitesses avec le m\u00eame type de carter de volant doit \u00eatre restitu\u00e9e. Lorsqu&#8217;une bo\u00eete de vitesses avec un autre type de carter de volant est renvoy\u00e9e, seule la moiti\u00e9 du montant du &#8220;composant de r\u00e9vision&#8221; sera cr\u00e9dit\u00e9e.<\/p>\n<p>La bo\u00eete de vitesses est livr\u00e9e <strong>SANS<\/strong> huile, vous devez la remplir vous-m\u00eame. Une quantit\u00e9 suffisante d&#8217;huile est livr\u00e9e avec la bo\u00eete de vitesses. <\/p>\n<p>Vous devez \u00e9galement apporter des modifications mineures \u00e0 votre voiture. Un document de la base de connaissances suivra bient\u00f4t. <\/p>\n<p>Veuillez vous abonner \u00e0 cet article lorsqu&#8217;il n&#8217;est pas en stock. Vous serez averti lorsqu&#8217;il sera \u00e0 nouveau en stock. <\/p>\n","protected":false},"excerpt":{"rendered":"<p>R<\/p>\n","protected":false},"featured_media":71761,"template":"","meta":{"_acf_changed":false,"_seopress_robots_primary_cat":"none","_seopress_titles_title":"","_seopress_titles_desc":"","_seopress_robots_index":"","site-sidebar-layout":"default","site-content-layout":"","ast-site-content-layout":"default","site-content-style":"default","site-sidebar-style":"default","ast-global-header-display":"","ast-banner-title-visibility":"","ast-main-header-display":"","ast-hfb-above-header-display":"","ast-hfb-below-header-display":"","ast-hfb-mobile-header-display":"","site-post-title":"","ast-breadcrumbs-content":"","ast-featured-img":"","footer-sml-layout":"","ast-disable-related-posts":"","theme-transparent-header-meta":"default","adv-header-id-meta":"","stick-header-meta":"default","header-above-stick-meta":"","header-main-stick-meta":"","header-below-stick-meta":"","astra-migrate-meta-layouts":"default","ast-page-background-enabled":"default","ast-page-background-meta":{"desktop":{"background-color":"var(--ast-global-color-4)","background-image":"","background-repeat":"repeat","background-position":"center center","background-size":"auto","background-attachment":"scroll","background-type":"","background-media":"","overlay-type":"","overlay-color":"","overlay-opacity":"","overlay-gradient":""},"tablet":{"background-color":"","background-image":"","background-repeat":"repeat","background-position":"center center","background-size":"auto","background-attachment":"scroll","background-type":"","background-media":"","overlay-type":"","overlay-color":"","overlay-opacity":"","overlay-gradient":""},"mobile":{"background-color":"","background-image":"","background-repeat":"repeat","background-position":"center center","background-size":"auto","background-attachment":"scroll","background-type":"","background-media":"","overlay-type":"","overlay-color":"","overlay-opacity":"","overlay-gradient":""}},"ast-content-background-meta":{"desktop":{"background-color":"var(--ast-global-color-5)","background-image":"","background-repeat":"repeat","background-position":"center center","background-size":"auto","background-attachment":"scroll","background-type":"","background-media":"","overlay-type":"","overlay-color":"","overlay-opacity":"","overlay-gradient":""},"tablet":{"background-color":"var(--ast-global-color-5)","background-image":"","background-repeat":"repeat","background-position":"center center","background-size":"auto","background-attachment":"scroll","background-type":"","background-media":"","overlay-type":"","overlay-color":"","overlay-opacity":"","overlay-gradient":""},"mobile":{"background-color":"var(--ast-global-color-5)","background-image":"","background-repeat":"repeat","background-position":"center center","background-size":"auto","background-attachment":"scroll","background-type":"","background-media":"","overlay-type":"","overlay-color":"","overlay-opacity":"","overlay-gradient":""}}},"product_brand":[],"product_cat":[938],"product_tag":[421],"class_list":{"0":"post-71766","1":"product","2":"type-product","3":"status-publish","4":"has-post-thumbnail","6":"product_cat-boite-de-vitesses-revisee","7":"product_tag-pasderabais","8":"product_shipping_class-palette","9":"desktop-align-center","10":"tablet-align-center","11":"mobile-align-center","12":"ast-product-gallery-layout-horizontal-slider","13":"ast-magnify-disabled","14":"ast-product-tabs-layout-distributed","15":"ast-qv-on-image","17":"first","18":"instock","19":"taxable","20":"shipping-taxable","21":"purchasable","22":"product-type-simple","23":"add-to-wishlist-after_add_to_cart"},"bundled_by":[],"bundle_stock_status":"instock","bundle_stock_quantity":1,"bundle_virtual":false,"bundle_layout":"","bundle_add_to_cart_form_location":"","bundle_editable_in_cart":false,"bundle_sold_individually_context":"","bundle_item_grouping":"","bundle_min_size":"","bundle_max_size":"","bundle_price":[],"bundled_items":[],"bundle_sell_ids":[],"acf":[],"_links":{"self":[{"href":"https:\/\/www.fiatvanderlaan.com\/fr\/wp-json\/wp\/v2\/product\/71766","targetHints":{"allow":["GET"]}}],"collection":[{"href":"https:\/\/www.fiatvanderlaan.com\/fr\/wp-json\/wp\/v2\/product"}],"about":[{"href":"https:\/\/www.fiatvanderlaan.com\/fr\/wp-json\/wp\/v2\/types\/product"}],"wp:featuredmedia":[{"embeddable":true,"href":"https:\/\/www.fiatvanderlaan.com\/fr\/wp-json\/wp\/v2\/media\/71761"}],"wp:attachment":[{"href":"https:\/\/www.fiatvanderlaan.com\/fr\/wp-json\/wp\/v2\/media?parent=71766"}],"wp:term":[{"taxonomy":"product_brand","embeddable":true,"href":"https:\/\/www.fiatvanderlaan.com\/fr\/wp-json\/wp\/v2\/product_brand?post=71766"},{"taxonomy":"product_cat","embeddable":true,"href":"https:\/\/www.fiatvanderlaan.com\/fr\/wp-json\/wp\/v2\/product_cat?post=71766"},{"taxonomy":"product_tag","embeddable":true,"href":"https:\/\/www.fiatvanderlaan.com\/fr\/wp-json\/wp\/v2\/product_tag?post=71766"}],"curies":[{"name":"wp","href":"https:\/\/api.w.org\/{rel}","templated":true}]}}