{"id":60194,"date":"2024-07-15T15:30:51","date_gmt":"2024-07-15T13:30:51","guid":{"rendered":"https:\/\/www.fiatvanderlaan.com\/product\/capacitor-shacktune-competition-original\/"},"modified":"2025-10-21T14:56:12","modified_gmt":"2025-10-21T12:56:12","slug":"capacitor-shacktune-competition-original","status":"publish","type":"product","link":"https:\/\/www.fiatvanderlaan.com\/fr\/produit\/capacitor-shacktune-competition-original\/","title":{"rendered":"Capacitor ShackTune Competition (Original)"},"content":{"rendered":"<p>Il s&#8217;agit du condensateur de comp\u00e9tition ShackTune original, et non d&#8217;une copie bon march\u00e9. Les condensateurs de comp\u00e9tition ShackTune sont souvent copi\u00e9s, mais malheureusement pas avec la m\u00eame qualit\u00e9.<\/p>\n<p>Convient \u00e0 tous les moteurs \u00e0 allumage conventionnel par points et condensateur, m\u00eame Fiat 500 ou Fiat 126 Classic !<\/p>\n<p>Ces condenseurs doivent \u00eatre mont\u00e9s directement sur la bobine, afin d&#8217;\u00e9viter la chaleur extr\u00eame autour du distributeur.<\/p>\n<p>Le condensateur de comp\u00e9tition ShackTune est une pi\u00e8ce fabriqu\u00e9e \u00e0 la main au Royaume-Uni avec une tol\u00e9rance de +\/- 2%.<\/p>\n<p>Gr\u00e2ce aux tol\u00e9rances \u00e9lectriques \u00e9troites, vos points dureront beaucoup plus longtemps.<\/p>\n<p>Il peut \u00eatre utilis\u00e9 sur toute voiture de route, de course ou de rallye pour une conduite en toute s\u00e9r\u00e9nit\u00e9. Ce condensateur\/capacitif convient \u00e9galement \u00e0 Austin Healey, Mini, MG, Morgan, TVR, Triumph, Jaguar.<\/p>\n<p>Note :<br \/>\nLa bobine <strong>DOIT<\/strong> avoir une r\u00e9sistance primaire d&#8217;au moins 1,8 ohms (1,8 ohms ou plus) ! Lorsque vous utilisez une bobine inf\u00e9rieure \u00e0 1,8 ohm, la bobine exerce une pression massive sur le condensateur et entra\u00eene une dur\u00e9e de vie tr\u00e8s courte de ce dernier.<\/p>\n<p>Instructions de montage :<\/p>\n<ul>\n<li>Retirez le condensateur d&#8217;origine. Les points resteront connect\u00e9s avec le c\u00e2blage d&#8217;origine.<\/li>\n<li>Montez le nouveau condensateur \u00e0 proximit\u00e9 de la bobine.<\/li>\n<li>Connectez la borne lucarne femelle au c\u00f4t\u00e9 n\u00e9gatif de la bobine (v\u00e9hicules de mise \u00e0 la terre n\u00e9gative).<\/li>\n<li>Reliez la borne annulaire \u00e0 une terre de bonne qualit\u00e9.<\/li>\n<\/ul>\n<p>Plus de 3600 condensateurs de comp\u00e9tition ShackTune sont utilis\u00e9s dans le monde entier.<\/p>\n<p>Il a fait ses preuves et a \u00e9t\u00e9 largement utilis\u00e9 lors de la LeMans Classic, du Goodwood Revival, de la Silverstone Classic, etc.<\/p>\n<p>Approuv\u00e9 pour une utilisation dans le sport automobile historique, car ils remplacent uniquement un composant d&#8217;allumage de s\u00e9rie.<\/p>\n","protected":false},"excerpt":{"rendered":"<p>Il s&#8217;agit du condensateur de comp\u00e9tition ShackTune original, et non d&#8217;une copie bon march\u00e9. Les condensateurs de comp\u00e9tition ShackTune sont souvent copi\u00e9s, mais malheureusement pas avec la m\u00eame qualit\u00e9. Convient \u00e0 tous les moteurs \u00e0 allumage conventionnel par points et condensateur, m\u00eame Fiat 500 ou Fiat 126 Classic ! Ces condenseurs doivent \u00eatre mont\u00e9s directement [&hellip;]<\/p>\n","protected":false},"featured_media":60192,"template":"","meta":{"_acf_changed":false,"_seopress_robots_primary_cat":"none","_seopress_titles_title":"ShackTune Competition Condenser for Classic and Race Cars","_seopress_titles_desc":"Obtenez le condensateur d'origine ShackTune Competition pour une performance ultime. Id\u00e9al pour les Fiat 500\/126 Classics. Fabriqu\u00e9 \u00e0 la main au Royaume-Uni avec des tol\u00e9rances pr\u00e9cises.  ","_seopress_robots_index":"","site-sidebar-layout":"default","site-content-layout":"","ast-site-content-layout":"default","site-content-style":"default","site-sidebar-style":"default","ast-global-header-display":"","ast-banner-title-visibility":"","ast-main-header-display":"","ast-hfb-above-header-display":"","ast-hfb-below-header-display":"","ast-hfb-mobile-header-display":"","site-post-title":"","ast-breadcrumbs-content":"","ast-featured-img":"","footer-sml-layout":"","ast-disable-related-posts":"","theme-transparent-header-meta":"default","adv-header-id-meta":"","stick-header-meta":"default","header-above-stick-meta":"","header-main-stick-meta":"","header-below-stick-meta":"","astra-migrate-meta-layouts":"default","ast-page-background-enabled":"default","ast-page-background-meta":{"desktop":{"background-color":"var(--ast-global-color-4)","background-image":"","background-repeat":"repeat","background-position":"center center","background-size":"auto","background-attachment":"scroll","background-type":"","background-media":"","overlay-type":"","overlay-color":"","overlay-opacity":"","overlay-gradient":""},"tablet":{"background-color":"","background-image":"","background-repeat":"repeat","background-position":"center center","background-size":"auto","background-attachment":"scroll","background-type":"","background-media":"","overlay-type":"","overlay-color":"","overlay-opacity":"","overlay-gradient":""},"mobile":{"background-color":"","background-image":"","background-repeat":"repeat","background-position":"center center","background-size":"auto","background-attachment":"scroll","background-type":"","background-media":"","overlay-type":"","overlay-color":"","overlay-opacity":"","overlay-gradient":""}},"ast-content-background-meta":{"desktop":{"background-color":"var(--ast-global-color-5)","background-image":"","background-repeat":"repeat","background-position":"center center","background-size":"auto","background-attachment":"scroll","background-type":"","background-media":"","overlay-type":"","overlay-color":"","overlay-opacity":"","overlay-gradient":""},"tablet":{"background-color":"var(--ast-global-color-5)","background-image":"","background-repeat":"repeat","background-position":"center center","background-size":"auto","background-attachment":"scroll","background-type":"","background-media":"","overlay-type":"","overlay-color":"","overlay-opacity":"","overlay-gradient":""},"mobile":{"background-color":"var(--ast-global-color-5)","background-image":"","background-repeat":"repeat","background-position":"center center","background-size":"auto","background-attachment":"scroll","background-type":"","background-media":"","overlay-type":"","overlay-color":"","overlay-opacity":"","overlay-gradient":""}}},"product_brand":[],"product_cat":[746],"product_tag":[],"class_list":{"0":"post-60194","1":"product","2":"type-product","3":"status-publish","4":"has-post-thumbnail","6":"product_cat-allumage","7":"desktop-align-center","8":"tablet-align-center","9":"mobile-align-center","10":"ast-product-gallery-layout-horizontal-slider","11":"ast-magnify-disabled","12":"ast-product-tabs-layout-distributed","13":"ast-qv-on-image","15":"first","16":"instock","17":"taxable","18":"shipping-taxable","19":"purchasable","20":"product-type-simple","21":"add-to-wishlist-after_add_to_cart"},"bundled_by":[],"bundle_stock_status":"instock","bundle_stock_quantity":10,"bundle_virtual":false,"bundle_layout":"","bundle_add_to_cart_form_location":"","bundle_editable_in_cart":false,"bundle_sold_individually_context":"","bundle_item_grouping":"","bundle_min_size":"","bundle_max_size":"","bundle_price":[],"bundled_items":[],"bundle_sell_ids":[],"acf":[],"_links":{"self":[{"href":"https:\/\/www.fiatvanderlaan.com\/fr\/wp-json\/wp\/v2\/product\/60194","targetHints":{"allow":["GET"]}}],"collection":[{"href":"https:\/\/www.fiatvanderlaan.com\/fr\/wp-json\/wp\/v2\/product"}],"about":[{"href":"https:\/\/www.fiatvanderlaan.com\/fr\/wp-json\/wp\/v2\/types\/product"}],"wp:featuredmedia":[{"embeddable":true,"href":"https:\/\/www.fiatvanderlaan.com\/fr\/wp-json\/wp\/v2\/media\/60192"}],"wp:attachment":[{"href":"https:\/\/www.fiatvanderlaan.com\/fr\/wp-json\/wp\/v2\/media?parent=60194"}],"wp:term":[{"taxonomy":"product_brand","embeddable":true,"href":"https:\/\/www.fiatvanderlaan.com\/fr\/wp-json\/wp\/v2\/product_brand?post=60194"},{"taxonomy":"product_cat","embeddable":true,"href":"https:\/\/www.fiatvanderlaan.com\/fr\/wp-json\/wp\/v2\/product_cat?post=60194"},{"taxonomy":"product_tag","embeddable":true,"href":"https:\/\/www.fiatvanderlaan.com\/fr\/wp-json\/wp\/v2\/product_tag?post=60194"}],"curies":[{"name":"wp","href":"https:\/\/api.w.org\/{rel}","templated":true}]}}