{"id":59745,"date":"2024-07-10T10:47:02","date_gmt":"2024-07-10T09:47:02","guid":{"rendered":"https:\/\/www.fiatvanderlaan.com\/product\/boite-en-fer-blanc-pour-biscuits-fiat-500\/"},"modified":"2026-01-24T16:59:34","modified_gmt":"2026-01-24T15:59:34","slug":"boite-en-fer-blanc-pour-biscuits-fiat-500","status":"publish","type":"product","link":"https:\/\/www.fiatvanderlaan.com\/fr\/produit\/boite-en-fer-blanc-pour-biscuits-fiat-500\/","title":{"rendered":"Bo\u00eete en fer blanc pour biscuits Fiat 500"},"content":{"rendered":"<p>Faites entrer le charme de la l\u00e9gendaire Fiat 500 dans votre maison gr\u00e2ce \u00e0 ces bo\u00eetes \u00e0 biscuits exclusives Fiat 500. Ces bo\u00eetes ne sont pas seulement une bo\u00eete de rangement ou un cadeau, elles sont une ode \u00e0 une ic\u00f4ne sur roues. Que vous soyez amateur de voitures ou de biscuits, ces bo\u00eetes sont un cadeau id\u00e9al pour vous-m\u00eame ou pour un \u00eatre cher. Remplissez les moules \u00e0 votre convenance !<\/p>\n<ul>\n<li>Licence officielle FIAT<\/li>\n<li>Reproduction parfaite de la FIAT 500<\/li>\n<li>Peut \u00eatre rempli de Cannoli, Pasticcini, chocolats, dolce&#8230;<\/li>\n<li>Convient pour 5 ou 6 cannoli croccante ou 6 Pasticcini di mandorla<\/li>\n<li>Mat\u00e9riau : \u00e9tain<\/li>\n<li>Dimensions : 21\u00d79.5\u00d79.5 CM<\/li>\n<li>Poids net : environ 145 grammes<\/li>\n<\/ul>\n","protected":false},"excerpt":{"rendered":"<p>Faites entrer le charme de la l\u00e9gendaire Fiat 500 dans votre maison gr\u00e2ce \u00e0 ces bo\u00eetes \u00e0 biscuits exclusives Fiat 500. Ces bo\u00eetes ne sont pas seulement une bo\u00eete de rangement ou un cadeau, elles sont une ode \u00e0 une ic\u00f4ne sur roues. Que vous soyez amateur de voitures ou de biscuits, ces bo\u00eetes sont [&hellip;]<\/p>\n","protected":false},"featured_media":59748,"template":"","meta":{"_acf_changed":false,"_seopress_robots_primary_cat":"none","_seopress_titles_title":"","_seopress_titles_desc":"","_seopress_robots_index":"","site-sidebar-layout":"default","site-content-layout":"","ast-site-content-layout":"default","site-content-style":"default","site-sidebar-style":"default","ast-global-header-display":"","ast-banner-title-visibility":"","ast-main-header-display":"","ast-hfb-above-header-display":"","ast-hfb-below-header-display":"","ast-hfb-mobile-header-display":"","site-post-title":"","ast-breadcrumbs-content":"","ast-featured-img":"","footer-sml-layout":"","ast-disable-related-posts":"","theme-transparent-header-meta":"default","adv-header-id-meta":"","stick-header-meta":"default","header-above-stick-meta":"","header-main-stick-meta":"","header-below-stick-meta":"","astra-migrate-meta-layouts":"default","ast-page-background-enabled":"default","ast-page-background-meta":{"desktop":{"background-color":"var(--ast-global-color-4)","background-image":"","background-repeat":"repeat","background-position":"center center","background-size":"auto","background-attachment":"scroll","background-type":"","background-media":"","overlay-type":"","overlay-color":"","overlay-opacity":"","overlay-gradient":""},"tablet":{"background-color":"","background-image":"","background-repeat":"repeat","background-position":"center center","background-size":"auto","background-attachment":"scroll","background-type":"","background-media":"","overlay-type":"","overlay-color":"","overlay-opacity":"","overlay-gradient":""},"mobile":{"background-color":"","background-image":"","background-repeat":"repeat","background-position":"center center","background-size":"auto","background-attachment":"scroll","background-type":"","background-media":"","overlay-type":"","overlay-color":"","overlay-opacity":"","overlay-gradient":""}},"ast-content-background-meta":{"desktop":{"background-color":"var(--ast-global-color-5)","background-image":"","background-repeat":"repeat","background-position":"center center","background-size":"auto","background-attachment":"scroll","background-type":"","background-media":"","overlay-type":"","overlay-color":"","overlay-opacity":"","overlay-gradient":""},"tablet":{"background-color":"var(--ast-global-color-5)","background-image":"","background-repeat":"repeat","background-position":"center center","background-size":"auto","background-attachment":"scroll","background-type":"","background-media":"","overlay-type":"","overlay-color":"","overlay-opacity":"","overlay-gradient":""},"mobile":{"background-color":"var(--ast-global-color-5)","background-image":"","background-repeat":"repeat","background-position":"center center","background-size":"auto","background-attachment":"scroll","background-type":"","background-media":"","overlay-type":"","overlay-color":"","overlay-opacity":"","overlay-gradient":""}}},"product_brand":[],"product_cat":[847],"product_tag":[],"class_list":{"0":"post-59745","1":"product","2":"type-product","3":"status-publish","4":"has-post-thumbnail","6":"product_cat-boutique","7":"desktop-align-center","8":"tablet-align-center","9":"mobile-align-center","10":"ast-product-gallery-layout-horizontal-slider","11":"ast-magnify-disabled","12":"ast-product-single-variable","13":"ast-product-tabs-layout-distributed","14":"ast-qv-on-image","16":"first","17":"instock","18":"taxable","19":"shipping-taxable","20":"purchasable","21":"product-type-variable","22":"add-to-wishlist-after_add_to_cart"},"bundled_by":[],"bundle_stock_status":"instock","bundle_stock_quantity":null,"bundle_virtual":false,"bundle_layout":"","bundle_add_to_cart_form_location":"","bundle_editable_in_cart":false,"bundle_sold_individually_context":"","bundle_item_grouping":"","bundle_min_size":"","bundle_max_size":"","bundle_price":[],"bundled_items":[],"bundle_sell_ids":[],"acf":[],"_links":{"self":[{"href":"https:\/\/www.fiatvanderlaan.com\/fr\/wp-json\/wp\/v2\/product\/59745","targetHints":{"allow":["GET"]}}],"collection":[{"href":"https:\/\/www.fiatvanderlaan.com\/fr\/wp-json\/wp\/v2\/product"}],"about":[{"href":"https:\/\/www.fiatvanderlaan.com\/fr\/wp-json\/wp\/v2\/types\/product"}],"wp:featuredmedia":[{"embeddable":true,"href":"https:\/\/www.fiatvanderlaan.com\/fr\/wp-json\/wp\/v2\/media\/59748"}],"wp:attachment":[{"href":"https:\/\/www.fiatvanderlaan.com\/fr\/wp-json\/wp\/v2\/media?parent=59745"}],"wp:term":[{"taxonomy":"product_brand","embeddable":true,"href":"https:\/\/www.fiatvanderlaan.com\/fr\/wp-json\/wp\/v2\/product_brand?post=59745"},{"taxonomy":"product_cat","embeddable":true,"href":"https:\/\/www.fiatvanderlaan.com\/fr\/wp-json\/wp\/v2\/product_cat?post=59745"},{"taxonomy":"product_tag","embeddable":true,"href":"https:\/\/www.fiatvanderlaan.com\/fr\/wp-json\/wp\/v2\/product_tag?post=59745"}],"curies":[{"name":"wp","href":"https:\/\/api.w.org\/{rel}","templated":true}]}}