{"id":44137,"date":"2024-01-16T11:43:30","date_gmt":"2024-01-16T10:43:30","guid":{"rendered":"https:\/\/www.fiatvanderlaan.com\/product\/culasse-110f-revisee\/"},"modified":"2025-10-15T09:39:05","modified_gmt":"2025-10-15T07:39:05","slug":"culasse-110f-revisee","status":"publish","type":"product","link":"https:\/\/www.fiatvanderlaan.com\/fr\/produit\/culasse-110f-revisee\/","title":{"rendered":"Culasse 110F (r\u00e9vis\u00e9e)"},"content":{"rendered":"<p>\u00c9tat : R\u00e9vis\u00e9<br \/>\nCaract\u00e9ristiques :<br \/>\n&#8211; Aplati diamant<br \/>\n&#8211; Soupapes neuves<br \/>\n&#8211; Ressorts neufs<br \/>\n&#8211; Time-Sert\u00ae dans le montage de l&#8217;\u00e9chappement<br \/>\n&#8211; Douilles filet\u00e9es renforc\u00e9es pour les bougies d&#8217;allumage<br \/>\n&#8211; Joints de soupape de bonne qualit\u00e9 sur la soupape d&#8217;admission<br \/>\nRemarques :<br \/>\n&#8211; La culasse que vous recevrez peut \u00eatre l\u00e9g\u00e8rement diff\u00e9rente de la culasse sur la photo. Cependant, elle sera du m\u00eame type.<br \/>\n&#8211; La culasse a \u00e9t\u00e9 aplatie et est donc plus basse. Vous devrez peut-\u00eatre ajuster l\u00e9g\u00e8rement les trous dans la t\u00f4le.<br \/>\n&#8211; Il peut arriver que la culasse soit l\u00e9g\u00e8rement trop basse pour permettre un d\u00e9gagement suffisant au niveau des culbuteurs. Dans ce cas, nous proposons des cales pour rehausser l&#8217;arbre du culbuteur.<br \/>\n&#8211; Les extr\u00e9mit\u00e9s filet\u00e9es pour le couvercle de soupape et le carburateur ne sont pas incluses.<\/p>\n","protected":false},"excerpt":{"rendered":"<p>500cc<\/p>\n","protected":false},"featured_media":44132,"template":"","meta":{"_acf_changed":false,"_seopress_robots_primary_cat":"726","_seopress_titles_title":"","_seopress_titles_desc":"","_seopress_robots_index":"","site-sidebar-layout":"default","site-content-layout":"","ast-site-content-layout":"default","site-content-style":"default","site-sidebar-style":"default","ast-global-header-display":"","ast-banner-title-visibility":"","ast-main-header-display":"","ast-hfb-above-header-display":"","ast-hfb-below-header-display":"","ast-hfb-mobile-header-display":"","site-post-title":"","ast-breadcrumbs-content":"","ast-featured-img":"","footer-sml-layout":"","ast-disable-related-posts":"","theme-transparent-header-meta":"default","adv-header-id-meta":"","stick-header-meta":"default","header-above-stick-meta":"","header-main-stick-meta":"","header-below-stick-meta":"","astra-migrate-meta-layouts":"default","ast-page-background-enabled":"default","ast-page-background-meta":{"desktop":{"background-color":"var(--ast-global-color-4)","background-image":"","background-repeat":"repeat","background-position":"center center","background-size":"auto","background-attachment":"scroll","background-type":"","background-media":"","overlay-type":"","overlay-color":"","overlay-opacity":"","overlay-gradient":""},"tablet":{"background-color":"","background-image":"","background-repeat":"repeat","background-position":"center center","background-size":"auto","background-attachment":"scroll","background-type":"","background-media":"","overlay-type":"","overlay-color":"","overlay-opacity":"","overlay-gradient":""},"mobile":{"background-color":"","background-image":"","background-repeat":"repeat","background-position":"center center","background-size":"auto","background-attachment":"scroll","background-type":"","background-media":"","overlay-type":"","overlay-color":"","overlay-opacity":"","overlay-gradient":""}},"ast-content-background-meta":{"desktop":{"background-color":"var(--ast-global-color-5)","background-image":"","background-repeat":"repeat","background-position":"center center","background-size":"auto","background-attachment":"scroll","background-type":"","background-media":"","overlay-type":"","overlay-color":"","overlay-opacity":"","overlay-gradient":""},"tablet":{"background-color":"var(--ast-global-color-5)","background-image":"","background-repeat":"repeat","background-position":"center center","background-size":"auto","background-attachment":"scroll","background-type":"","background-media":"","overlay-type":"","overlay-color":"","overlay-opacity":"","overlay-gradient":""},"mobile":{"background-color":"var(--ast-global-color-5)","background-image":"","background-repeat":"repeat","background-position":"center center","background-size":"auto","background-attachment":"scroll","background-type":"","background-media":"","overlay-type":"","overlay-color":"","overlay-opacity":"","overlay-gradient":""}}},"product_brand":[],"product_cat":[758],"product_tag":[421],"class_list":{"0":"post-44137","1":"product","2":"type-product","3":"status-publish","4":"has-post-thumbnail","6":"product_cat-autres-pieces-du-moteur","7":"product_tag-pasderabais","8":"desktop-align-center","9":"tablet-align-center","10":"mobile-align-center","11":"ast-product-gallery-layout-horizontal-slider","12":"ast-magnify-disabled","13":"ast-product-tabs-layout-distributed","14":"ast-qv-on-image","16":"first","17":"outofstock","18":"taxable","19":"shipping-taxable","20":"purchasable","21":"product-type-simple","22":"add-to-wishlist-after_add_to_cart"},"bundled_by":[],"bundle_stock_status":"outofstock","bundle_stock_quantity":0,"bundle_virtual":false,"bundle_layout":"","bundle_add_to_cart_form_location":"","bundle_editable_in_cart":false,"bundle_sold_individually_context":"","bundle_item_grouping":"","bundle_min_size":"","bundle_max_size":"","bundle_price":[],"bundled_items":[],"bundle_sell_ids":[21853,22082,103572,103571],"acf":[],"_links":{"self":[{"href":"https:\/\/www.fiatvanderlaan.com\/fr\/wp-json\/wp\/v2\/product\/44137","targetHints":{"allow":["GET"]}}],"collection":[{"href":"https:\/\/www.fiatvanderlaan.com\/fr\/wp-json\/wp\/v2\/product"}],"about":[{"href":"https:\/\/www.fiatvanderlaan.com\/fr\/wp-json\/wp\/v2\/types\/product"}],"wp:featuredmedia":[{"embeddable":true,"href":"https:\/\/www.fiatvanderlaan.com\/fr\/wp-json\/wp\/v2\/media\/44132"}],"wp:attachment":[{"href":"https:\/\/www.fiatvanderlaan.com\/fr\/wp-json\/wp\/v2\/media?parent=44137"}],"wp:term":[{"taxonomy":"product_brand","embeddable":true,"href":"https:\/\/www.fiatvanderlaan.com\/fr\/wp-json\/wp\/v2\/product_brand?post=44137"},{"taxonomy":"product_cat","embeddable":true,"href":"https:\/\/www.fiatvanderlaan.com\/fr\/wp-json\/wp\/v2\/product_cat?post=44137"},{"taxonomy":"product_tag","embeddable":true,"href":"https:\/\/www.fiatvanderlaan.com\/fr\/wp-json\/wp\/v2\/product_tag?post=44137"}],"curies":[{"name":"wp","href":"https:\/\/api.w.org\/{rel}","templated":true}]}}