{"id":37861,"date":"2023-06-07T14:54:34","date_gmt":"2023-06-07T14:00:05","guid":{"rendered":"https:\/\/www.fiatvanderlaan.com\/product\/graisse-pour-cuivre-kroon-oil-copper-plus-100gr\/"},"modified":"2025-11-26T19:48:47","modified_gmt":"2025-11-26T18:48:47","slug":"graisse-pour-cuivre-kroon-oil-copper-plus-100gr","status":"publish","type":"product","link":"https:\/\/www.fiatvanderlaan.com\/fr\/produit\/graisse-pour-cuivre-kroon-oil-copper-plus-100gr\/","title":{"rendered":"Graisse pour cuivre &#8211; Kroon-Oil Copper + Plus 100gr"},"content":{"rendered":"<p>Copper + Plus est une p\u00e2te anticorrosion sans plomb. Le produit se compose de particules de cuivre finement dispers\u00e9es dans une base de bentonite non fondante, compl\u00e9t\u00e9e par des inhibiteurs d&#8217;oxydation et de corrosion tr\u00e8s efficaces.<\/p>\n<p>Copper + Plus forme un film entre les parties m\u00e9talliques qui r\u00e9siste \u00e0 de tr\u00e8s hautes temp\u00e9ratures (jusqu&#8217;\u00e0 1100 \u00b0C). En plus de ces propri\u00e9t\u00e9s, Copper + Plus offre une protection efficace contre la corrosion, l&#8217;humidit\u00e9 et les vibrations. Le produit est r\u00e9sistant aux acides, \u00e0 l&#8217;eau, au sel et \u00e0 la lessive.<\/p>\n<p><strong>Application<\/strong><br \/>\nCopper + Plus est une p\u00e2te d&#8217;assemblage sans plomb r\u00e9sistante \u00e0 la chaleur. Il prot\u00e8ge les compos\u00e9s m\u00e9talliques expos\u00e9s \u00e0 des temp\u00e9ratures \u00e9lev\u00e9es, \u00e0 l&#8217;eau ou \u00e0 des produits chimiques contre la rouille et l&#8217;usure. En utilisant Copper + Plus lors de l&#8217;assemblage de composants m\u00e9talliques, ces derniers seront faciles \u00e0 d\u00e9monter \u00e0 nouveau, m\u00eame apr\u00e8s plusieurs ann\u00e9es. Le cuivre + Plus appliqu\u00e9 entre le piston de frein et la plaque de guidage des plaquettes de frein emp\u00eache les bruits parasites.  <strong>A NOTER ! Ne pas appliquer sur les disques de frein !<\/strong><\/p>\n","protected":false},"excerpt":{"rendered":"<p>500-126<\/p>\n","protected":false},"featured_media":37858,"template":"","meta":{"_acf_changed":false,"_seopress_robots_primary_cat":"849","_seopress_titles_title":"","_seopress_titles_desc":"","_seopress_robots_index":"","site-sidebar-layout":"default","site-content-layout":"default","ast-site-content-layout":"default","site-content-style":"default","site-sidebar-style":"default","ast-global-header-display":"","ast-banner-title-visibility":"","ast-main-header-display":"","ast-hfb-above-header-display":"","ast-hfb-below-header-display":"","ast-hfb-mobile-header-display":"","site-post-title":"","ast-breadcrumbs-content":"","ast-featured-img":"","footer-sml-layout":"","ast-disable-related-posts":"","theme-transparent-header-meta":"default","adv-header-id-meta":"","stick-header-meta":"default","header-above-stick-meta":"","header-main-stick-meta":"","header-below-stick-meta":"","astra-migrate-meta-layouts":"default","ast-page-background-enabled":"default","ast-page-background-meta":{"desktop":{"background-color":"var(--ast-global-color-4)","background-image":"","background-repeat":"repeat","background-position":"center center","background-size":"auto","background-attachment":"scroll","background-type":"","background-media":"","overlay-type":"","overlay-color":"","overlay-opacity":"","overlay-gradient":""},"tablet":{"background-color":"","background-image":"","background-repeat":"repeat","background-position":"center center","background-size":"auto","background-attachment":"scroll","background-type":"","background-media":"","overlay-type":"","overlay-color":"","overlay-opacity":"","overlay-gradient":""},"mobile":{"background-color":"","background-image":"","background-repeat":"repeat","background-position":"center center","background-size":"auto","background-attachment":"scroll","background-type":"","background-media":"","overlay-type":"","overlay-color":"","overlay-opacity":"","overlay-gradient":""}},"ast-content-background-meta":{"desktop":{"background-color":"var(--ast-global-color-5)","background-image":"","background-repeat":"repeat","background-position":"center center","background-size":"auto","background-attachment":"scroll","background-type":"","background-media":"","overlay-type":"","overlay-color":"","overlay-opacity":"","overlay-gradient":""},"tablet":{"background-color":"var(--ast-global-color-5)","background-image":"","background-repeat":"repeat","background-position":"center center","background-size":"auto","background-attachment":"scroll","background-type":"","background-media":"","overlay-type":"","overlay-color":"","overlay-opacity":"","overlay-gradient":""},"mobile":{"background-color":"var(--ast-global-color-5)","background-image":"","background-repeat":"repeat","background-position":"center center","background-size":"auto","background-attachment":"scroll","background-type":"","background-media":"","overlay-type":"","overlay-color":"","overlay-opacity":"","overlay-gradient":""}}},"product_brand":[],"product_cat":[849],"product_tag":[],"class_list":{"0":"post-37861","1":"product","2":"type-product","3":"status-publish","4":"has-post-thumbnail","6":"product_cat-lubrifiants-et-liquides","7":"desktop-align-center","8":"tablet-align-center","9":"mobile-align-center","10":"ast-product-gallery-layout-horizontal-slider","11":"ast-product-gallery-with-no-image","12":"ast-magnify-disabled","13":"ast-product-tabs-layout-distributed","14":"ast-qv-on-image","16":"first","17":"instock","18":"taxable","19":"shipping-taxable","20":"purchasable","21":"product-type-simple","22":"add-to-wishlist-after_add_to_cart"},"bundled_by":[],"bundle_stock_status":"instock","bundle_stock_quantity":11,"bundle_virtual":false,"bundle_layout":"","bundle_add_to_cart_form_location":"","bundle_editable_in_cart":false,"bundle_sold_individually_context":"","bundle_item_grouping":"","bundle_min_size":"","bundle_max_size":"","bundle_price":[],"bundled_items":[],"bundle_sell_ids":[],"acf":[],"_links":{"self":[{"href":"https:\/\/www.fiatvanderlaan.com\/fr\/wp-json\/wp\/v2\/product\/37861","targetHints":{"allow":["GET"]}}],"collection":[{"href":"https:\/\/www.fiatvanderlaan.com\/fr\/wp-json\/wp\/v2\/product"}],"about":[{"href":"https:\/\/www.fiatvanderlaan.com\/fr\/wp-json\/wp\/v2\/types\/product"}],"wp:featuredmedia":[{"embeddable":true,"href":"https:\/\/www.fiatvanderlaan.com\/fr\/wp-json\/wp\/v2\/media\/37858"}],"wp:attachment":[{"href":"https:\/\/www.fiatvanderlaan.com\/fr\/wp-json\/wp\/v2\/media?parent=37861"}],"wp:term":[{"taxonomy":"product_brand","embeddable":true,"href":"https:\/\/www.fiatvanderlaan.com\/fr\/wp-json\/wp\/v2\/product_brand?post=37861"},{"taxonomy":"product_cat","embeddable":true,"href":"https:\/\/www.fiatvanderlaan.com\/fr\/wp-json\/wp\/v2\/product_cat?post=37861"},{"taxonomy":"product_tag","embeddable":true,"href":"https:\/\/www.fiatvanderlaan.com\/fr\/wp-json\/wp\/v2\/product_tag?post=37861"}],"curies":[{"name":"wp","href":"https:\/\/api.w.org\/{rel}","templated":true}]}}