{"id":35944,"date":"2023-04-21T12:49:00","date_gmt":"2023-04-21T11:52:36","guid":{"rendered":"https:\/\/www.fiatvanderlaan.com\/product\/leviers-de-demarrage-et-de-starter\/"},"modified":"2026-03-22T13:23:21","modified_gmt":"2026-03-22T12:23:21","slug":"leviers-de-demarrage-et-de-starter","status":"publish","type":"product","link":"https:\/\/www.fiatvanderlaan.com\/fr\/produit\/leviers-de-demarrage-et-de-starter\/","title":{"rendered":"Leviers de d\u00e9marrage et de starter"},"content":{"rendered":"<p>D du num\u00e9ro de ch\u00e2ssis : 396.271<br \/>\nF jusqu&#8217;en janvier 68<\/p>\n","protected":false},"excerpt":{"rendered":"<p>D-F<\/p>\n","protected":false},"featured_media":35939,"template":"","meta":{"_acf_changed":false,"_seopress_robots_primary_cat":"","_seopress_titles_title":"","_seopress_titles_desc":"","_seopress_robots_index":"","site-sidebar-layout":"default","site-content-layout":"default","ast-site-content-layout":"default","site-content-style":"default","site-sidebar-style":"default","ast-global-header-display":"","ast-banner-title-visibility":"","ast-main-header-display":"","ast-hfb-above-header-display":"","ast-hfb-below-header-display":"","ast-hfb-mobile-header-display":"","site-post-title":"","ast-breadcrumbs-content":"","ast-featured-img":"","footer-sml-layout":"","ast-disable-related-posts":"","theme-transparent-header-meta":"default","adv-header-id-meta":"","stick-header-meta":"default","header-above-stick-meta":"","header-main-stick-meta":"","header-below-stick-meta":"","astra-migrate-meta-layouts":"default","ast-page-background-enabled":"default","ast-page-background-meta":{"desktop":{"background-color":"var(--ast-global-color-4)","background-image":"","background-repeat":"repeat","background-position":"center center","background-size":"auto","background-attachment":"scroll","background-type":"","background-media":"","overlay-type":"","overlay-color":"","overlay-opacity":"","overlay-gradient":""},"tablet":{"background-color":"","background-image":"","background-repeat":"repeat","background-position":"center center","background-size":"auto","background-attachment":"scroll","background-type":"","background-media":"","overlay-type":"","overlay-color":"","overlay-opacity":"","overlay-gradient":""},"mobile":{"background-color":"","background-image":"","background-repeat":"repeat","background-position":"center center","background-size":"auto","background-attachment":"scroll","background-type":"","background-media":"","overlay-type":"","overlay-color":"","overlay-opacity":"","overlay-gradient":""}},"ast-content-background-meta":{"desktop":{"background-color":"var(--ast-global-color-5)","background-image":"","background-repeat":"repeat","background-position":"center center","background-size":"auto","background-attachment":"scroll","background-type":"","background-media":"","overlay-type":"","overlay-color":"","overlay-opacity":"","overlay-gradient":""},"tablet":{"background-color":"var(--ast-global-color-5)","background-image":"","background-repeat":"repeat","background-position":"center center","background-size":"auto","background-attachment":"scroll","background-type":"","background-media":"","overlay-type":"","overlay-color":"","overlay-opacity":"","overlay-gradient":""},"mobile":{"background-color":"var(--ast-global-color-5)","background-image":"","background-repeat":"repeat","background-position":"center center","background-size":"auto","background-attachment":"scroll","background-type":"","background-media":"","overlay-type":"","overlay-color":"","overlay-opacity":"","overlay-gradient":""}}},"product_brand":[],"product_cat":[843],"product_tag":[],"class_list":{"0":"post-35944","1":"product","2":"type-product","3":"status-publish","4":"has-post-thumbnail","6":"product_cat-autres-pieces-du-cable-de-commande","7":"desktop-align-center","8":"tablet-align-center","9":"mobile-align-center","10":"ast-product-gallery-layout-horizontal-slider","11":"ast-magnify-disabled","12":"ast-product-tabs-layout-distributed","13":"ast-qv-on-image","15":"first","16":"instock","17":"taxable","18":"shipping-taxable","19":"purchasable","20":"product-type-simple","21":"add-to-wishlist-after_add_to_cart"},"bundled_by":[],"bundle_stock_status":"instock","bundle_stock_quantity":3,"bundle_virtual":false,"bundle_layout":"","bundle_add_to_cart_form_location":"","bundle_editable_in_cart":false,"bundle_sold_individually_context":"","bundle_item_grouping":"","bundle_min_size":"","bundle_max_size":"","bundle_price":[],"bundled_items":[],"bundle_sell_ids":[],"acf":[],"_links":{"self":[{"href":"https:\/\/www.fiatvanderlaan.com\/fr\/wp-json\/wp\/v2\/product\/35944","targetHints":{"allow":["GET"]}}],"collection":[{"href":"https:\/\/www.fiatvanderlaan.com\/fr\/wp-json\/wp\/v2\/product"}],"about":[{"href":"https:\/\/www.fiatvanderlaan.com\/fr\/wp-json\/wp\/v2\/types\/product"}],"wp:featuredmedia":[{"embeddable":true,"href":"https:\/\/www.fiatvanderlaan.com\/fr\/wp-json\/wp\/v2\/media\/35939"}],"wp:attachment":[{"href":"https:\/\/www.fiatvanderlaan.com\/fr\/wp-json\/wp\/v2\/media?parent=35944"}],"wp:term":[{"taxonomy":"product_brand","embeddable":true,"href":"https:\/\/www.fiatvanderlaan.com\/fr\/wp-json\/wp\/v2\/product_brand?post=35944"},{"taxonomy":"product_cat","embeddable":true,"href":"https:\/\/www.fiatvanderlaan.com\/fr\/wp-json\/wp\/v2\/product_cat?post=35944"},{"taxonomy":"product_tag","embeddable":true,"href":"https:\/\/www.fiatvanderlaan.com\/fr\/wp-json\/wp\/v2\/product_tag?post=35944"}],"curies":[{"name":"wp","href":"https:\/\/api.w.org\/{rel}","templated":true}]}}