{"id":35757,"date":"2023-04-14T14:18:59","date_gmt":"2023-04-14T13:22:58","guid":{"rendered":"https:\/\/www.fiatvanderlaan.com\/product\/graisse-kroon-oil-mp-lithep-grease-ep2-400gr\/"},"modified":"2026-04-21T13:28:44","modified_gmt":"2026-04-21T11:28:44","slug":"graisse-kroon-oil-mp-lithep-grease-ep2-400gr","status":"publish","type":"product","link":"https:\/\/www.fiatvanderlaan.com\/fr\/produit\/graisse-kroon-oil-mp-lithep-grease-ep2-400gr\/","title":{"rendered":"Graisse &#8211; Kroon-Oil MP Lithep Grease EP2 400gr"},"content":{"rendered":"<p>MP Lithep Grease EP 2 est une graisse polyvalente \u00e0 base d&#8217;huiles de base hautement raffin\u00e9es et tr\u00e8s visqueuses contenant du savon de lithium comme agent \u00e9paississant. Il est compl\u00e9t\u00e9 par des additifs sp\u00e9ciaux &#8220;Extr\u00eame Pression&#8221; et d&#8217;autres additifs afin d&#8217;obtenir les propri\u00e9t\u00e9s suivantes :<\/p>\n<ul>\n<li>Forte adh\u00e9rence au m\u00e9tal<\/li>\n<li>D\u00e9placement d&#8217;eau exceptionnel<\/li>\n<li>Excellente stabilit\u00e9<\/li>\n<li>R\u00e9sistance efficace \u00e0 la corrosion et \u00e0 l&#8217;usure<\/li>\n<li>Excellente pompabilit\u00e9<\/li>\n<li>Propri\u00e9t\u00e9s &#8220;extr\u00eame pression&#8221; exceptionnelles<\/li>\n<\/ul>\n<p>Application :<br \/>\nMP Lithep Grease EP 2 peut \u00eatre utilis\u00e9e pour la lubrification des roulements de v\u00e9hicules et d&#8217;engins de chantier soumis \u00e0 des charges lourdes et\/ou \u00e0 des chocs. MP Lithep Grease EP 2 convient \u00e9galement pour les pivots \u00e0 usage intensif dans les environnements humides et poussi\u00e9reux.<\/p>\n<p>Sp\u00e9cifications du produit :<br \/>\nN.L.G.I. Klasse 2<br \/>\nDIN 51 502, KP 2 K-30<br \/>\nMAN 283 Li-P 2<\/p>\n<p><a href=\"https:\/\/api.kroon-oil.com\/pdf\/en\/informationsheet\/part\/84\/BNL\/PI-071003-multi-purpose-lithep-grease-ep-2-EN.pdf\" target=\"_blank\" rel=\"noopener\">Fiche produit<\/a><br \/>\n<a href=\"https:\/\/api.kroon-oil.com\/pdf\/en\/safetysheet\/SDS-071003-multi-purpose-lithep-grease-ep-2-EN.pdf\" target=\"_blank\" rel=\"noopener\">Fiche de s\u00e9curit\u00e9<\/a><\/p>\n","protected":false},"excerpt":{"rendered":"<p>500-126<\/p>\n","protected":false},"featured_media":35755,"template":"","meta":{"_acf_changed":false,"_seopress_robots_primary_cat":"","_seopress_titles_title":"","_seopress_titles_desc":"","_seopress_robots_index":"","site-sidebar-layout":"default","site-content-layout":"default","ast-site-content-layout":"default","site-content-style":"default","site-sidebar-style":"default","ast-global-header-display":"","ast-banner-title-visibility":"","ast-main-header-display":"","ast-hfb-above-header-display":"","ast-hfb-below-header-display":"","ast-hfb-mobile-header-display":"","site-post-title":"","ast-breadcrumbs-content":"","ast-featured-img":"","footer-sml-layout":"","ast-disable-related-posts":"","theme-transparent-header-meta":"default","adv-header-id-meta":"","stick-header-meta":"default","header-above-stick-meta":"","header-main-stick-meta":"","header-below-stick-meta":"","astra-migrate-meta-layouts":"default","ast-page-background-enabled":"default","ast-page-background-meta":{"desktop":{"background-color":"var(--ast-global-color-4)","background-image":"","background-repeat":"repeat","background-position":"center center","background-size":"auto","background-attachment":"scroll","background-type":"","background-media":"","overlay-type":"","overlay-color":"","overlay-opacity":"","overlay-gradient":""},"tablet":{"background-color":"","background-image":"","background-repeat":"repeat","background-position":"center center","background-size":"auto","background-attachment":"scroll","background-type":"","background-media":"","overlay-type":"","overlay-color":"","overlay-opacity":"","overlay-gradient":""},"mobile":{"background-color":"","background-image":"","background-repeat":"repeat","background-position":"center center","background-size":"auto","background-attachment":"scroll","background-type":"","background-media":"","overlay-type":"","overlay-color":"","overlay-opacity":"","overlay-gradient":""}},"ast-content-background-meta":{"desktop":{"background-color":"var(--ast-global-color-5)","background-image":"","background-repeat":"repeat","background-position":"center center","background-size":"auto","background-attachment":"scroll","background-type":"","background-media":"","overlay-type":"","overlay-color":"","overlay-opacity":"","overlay-gradient":""},"tablet":{"background-color":"var(--ast-global-color-5)","background-image":"","background-repeat":"repeat","background-position":"center center","background-size":"auto","background-attachment":"scroll","background-type":"","background-media":"","overlay-type":"","overlay-color":"","overlay-opacity":"","overlay-gradient":""},"mobile":{"background-color":"var(--ast-global-color-5)","background-image":"","background-repeat":"repeat","background-position":"center center","background-size":"auto","background-attachment":"scroll","background-type":"","background-media":"","overlay-type":"","overlay-color":"","overlay-opacity":"","overlay-gradient":""}}},"product_brand":[],"product_cat":[849],"product_tag":[],"class_list":{"0":"post-35757","1":"product","2":"type-product","3":"status-publish","4":"has-post-thumbnail","6":"product_cat-lubrifiants-et-liquides","7":"desktop-align-center","8":"tablet-align-center","9":"mobile-align-center","10":"ast-product-gallery-layout-horizontal-slider","11":"ast-product-gallery-with-no-image","12":"ast-magnify-disabled","13":"ast-product-tabs-layout-distributed","14":"ast-qv-on-image","16":"first","17":"instock","18":"taxable","19":"shipping-taxable","20":"purchasable","21":"product-type-simple","22":"add-to-wishlist-after_add_to_cart"},"bundled_by":[],"bundle_stock_status":"instock","bundle_stock_quantity":11,"bundle_virtual":false,"bundle_layout":"","bundle_add_to_cart_form_location":"","bundle_editable_in_cart":false,"bundle_sold_individually_context":"","bundle_item_grouping":"","bundle_min_size":"","bundle_max_size":"","bundle_price":[],"bundled_items":[],"bundle_sell_ids":[36253],"acf":[],"_links":{"self":[{"href":"https:\/\/www.fiatvanderlaan.com\/fr\/wp-json\/wp\/v2\/product\/35757","targetHints":{"allow":["GET"]}}],"collection":[{"href":"https:\/\/www.fiatvanderlaan.com\/fr\/wp-json\/wp\/v2\/product"}],"about":[{"href":"https:\/\/www.fiatvanderlaan.com\/fr\/wp-json\/wp\/v2\/types\/product"}],"wp:featuredmedia":[{"embeddable":true,"href":"https:\/\/www.fiatvanderlaan.com\/fr\/wp-json\/wp\/v2\/media\/35755"}],"wp:attachment":[{"href":"https:\/\/www.fiatvanderlaan.com\/fr\/wp-json\/wp\/v2\/media?parent=35757"}],"wp:term":[{"taxonomy":"product_brand","embeddable":true,"href":"https:\/\/www.fiatvanderlaan.com\/fr\/wp-json\/wp\/v2\/product_brand?post=35757"},{"taxonomy":"product_cat","embeddable":true,"href":"https:\/\/www.fiatvanderlaan.com\/fr\/wp-json\/wp\/v2\/product_cat?post=35757"},{"taxonomy":"product_tag","embeddable":true,"href":"https:\/\/www.fiatvanderlaan.com\/fr\/wp-json\/wp\/v2\/product_tag?post=35757"}],"curies":[{"name":"wp","href":"https:\/\/api.w.org\/{rel}","templated":true}]}}