{"id":34562,"date":"2023-02-03T15:03:59","date_gmt":"2023-02-03T14:03:59","guid":{"rendered":"https:\/\/www.fiatvanderlaan.com\/?post_type=product&#038;p=34562"},"modified":"2026-04-03T11:38:56","modified_gmt":"2026-04-03T09:38:56","slug":"jeu-darbres-de-transmission-25-mm-n-d-qualite-a-copy","status":"publish","type":"product","link":"https:\/\/www.fiatvanderlaan.com\/fr\/produit\/jeu-darbres-de-transmission-25-mm-n-d-qualite-a-copy\/","title":{"rendered":"Jeu d&#8217;arbre de transmission 25mm (Haute Qualit\u00e9)"},"content":{"rendered":"","protected":false},"excerpt":{"rendered":"<p>126<\/p>\n","protected":false},"featured_media":34566,"template":"","meta":{"_acf_changed":false,"_seopress_robots_primary_cat":"none","_seopress_titles_title":"","_seopress_titles_desc":"","_seopress_robots_index":"","site-sidebar-layout":"default","site-content-layout":"default","ast-site-content-layout":"default","site-content-style":"default","site-sidebar-style":"default","ast-global-header-display":"","ast-banner-title-visibility":"","ast-main-header-display":"","ast-hfb-above-header-display":"","ast-hfb-below-header-display":"","ast-hfb-mobile-header-display":"","site-post-title":"","ast-breadcrumbs-content":"","ast-featured-img":"","footer-sml-layout":"","ast-disable-related-posts":"","theme-transparent-header-meta":"default","adv-header-id-meta":"","stick-header-meta":"default","header-above-stick-meta":"","header-main-stick-meta":"","header-below-stick-meta":"","astra-migrate-meta-layouts":"default","ast-page-background-enabled":"default","ast-page-background-meta":{"desktop":{"background-color":"var(--ast-global-color-4)","background-image":"","background-repeat":"repeat","background-position":"center center","background-size":"auto","background-attachment":"scroll","background-type":"","background-media":"","overlay-type":"","overlay-color":"","overlay-opacity":"","overlay-gradient":""},"tablet":{"background-color":"","background-image":"","background-repeat":"repeat","background-position":"center center","background-size":"auto","background-attachment":"scroll","background-type":"","background-media":"","overlay-type":"","overlay-color":"","overlay-opacity":"","overlay-gradient":""},"mobile":{"background-color":"","background-image":"","background-repeat":"repeat","background-position":"center center","background-size":"auto","background-attachment":"scroll","background-type":"","background-media":"","overlay-type":"","overlay-color":"","overlay-opacity":"","overlay-gradient":""}},"ast-content-background-meta":{"desktop":{"background-color":"var(--ast-global-color-5)","background-image":"","background-repeat":"repeat","background-position":"center center","background-size":"auto","background-attachment":"scroll","background-type":"","background-media":"","overlay-type":"","overlay-color":"","overlay-opacity":"","overlay-gradient":""},"tablet":{"background-color":"var(--ast-global-color-5)","background-image":"","background-repeat":"repeat","background-position":"center center","background-size":"auto","background-attachment":"scroll","background-type":"","background-media":"","overlay-type":"","overlay-color":"","overlay-opacity":"","overlay-gradient":""},"mobile":{"background-color":"var(--ast-global-color-5)","background-image":"","background-repeat":"repeat","background-position":"center center","background-size":"auto","background-attachment":"scroll","background-type":"","background-media":"","overlay-type":"","overlay-color":"","overlay-opacity":"","overlay-gradient":""}}},"product_brand":[],"product_cat":[796],"product_tag":[],"class_list":{"0":"post-34562","1":"product","2":"type-product","3":"status-publish","4":"has-post-thumbnail","6":"product_cat-jeux-darbres-dentrainement","7":"product_shipping_class-lourde","8":"desktop-align-center","9":"tablet-align-center","10":"mobile-align-center","11":"ast-product-gallery-layout-horizontal-slider","12":"ast-magnify-disabled","13":"ast-product-tabs-layout-distributed","14":"ast-qv-on-image","16":"first","17":"instock","18":"taxable","19":"shipping-taxable","20":"purchasable","21":"product-type-bundle","22":"add-to-wishlist-after_add_to_cart"},"bundled_by":[],"bundle_stock_status":"instock","bundle_stock_quantity":3,"bundle_virtual":false,"bundle_layout":"default","bundle_add_to_cart_form_location":"default","bundle_editable_in_cart":false,"bundle_sold_individually_context":"product","bundle_item_grouping":"parent","bundle_min_size":"","bundle_max_size":"","bundle_price":{"price":{"min":{"incl_tax":"178.84","excl_tax":"178.84"},"max":{"incl_tax":"178.84","excl_tax":"178.84"}},"regular_price":{"min":{"incl_tax":"178.84","excl_tax":"178.84"},"max":{"incl_tax":"178.84","excl_tax":"178.84"}}},"bundled_items":[{"bundled_item_id":1647,"product_id":22219,"menu_order":0,"quantity_min":2,"quantity_max":2,"quantity_default":2,"priced_individually":true,"shipped_individually":false,"override_title":false,"title":"Arbre d&#8217;entra\u00eenement 25mm","override_description":false,"description":"Arbre d&#8217;entra\u00eenement 25mm","optional":false,"hide_thumbnail":false,"discount":"","override_variations":false,"allowed_variations":[""],"override_default_variation_attributes":false,"default_variation_attributes":[],"single_product_visibility":"visible","cart_visibility":"hidden","order_visibility":"visible","single_product_price_visibility":"visible","cart_price_visibility":"visible","order_price_visibility":"visible","stock_status":"in_stock"},{"bundled_item_id":1659,"product_id":26108,"menu_order":1,"quantity_min":2,"quantity_max":2,"quantity_default":2,"priced_individually":true,"shipped_individually":false,"override_title":false,"title":"Driveshaft bride 25 mm (qualit\u00e9 A)","override_description":false,"description":"Driveshaft bride 25 mm (qualit\u00e9 A)","optional":false,"hide_thumbnail":false,"discount":"","override_variations":false,"allowed_variations":[""],"override_default_variation_attributes":false,"default_variation_attributes":[],"single_product_visibility":"visible","cart_visibility":"hidden","order_visibility":"visible","single_product_price_visibility":"visible","cart_price_visibility":"visible","order_price_visibility":"visible","stock_status":"in_stock"},{"bundled_item_id":1648,"product_id":121924,"menu_order":2,"quantity_min":2,"quantity_max":2,"quantity_default":2,"priced_individually":true,"shipped_individually":false,"override_title":false,"title":"Soufflet ext\u00e9rieur de l&#8217;arbre de transmission &#8211; 25mm (Haute Qualit\u00e9)","override_description":false,"description":"Soufflet ext\u00e9rieur de l&#8217;arbre de transmission &#8211; 25mm (Haute Qualit\u00e9)","optional":false,"hide_thumbnail":false,"discount":"","override_variations":false,"allowed_variations":[""],"override_default_variation_attributes":false,"default_variation_attributes":[],"single_product_visibility":"visible","cart_visibility":"hidden","order_visibility":"visible","single_product_price_visibility":"visible","cart_price_visibility":"visible","order_price_visibility":"visible","stock_status":"in_stock"},{"bundled_item_id":1649,"product_id":121852,"menu_order":3,"quantity_min":2,"quantity_max":2,"quantity_default":2,"priced_individually":true,"shipped_individually":false,"override_title":false,"title":"Soufflet int\u00e9rieur d&#8217;arbre de transmission &#8211; 25mm (Haute Qualit\u00e9)","override_description":false,"description":"Soufflet int\u00e9rieur d&#8217;arbre de transmission &#8211; 25mm (Haute Qualit\u00e9)","optional":false,"hide_thumbnail":false,"discount":"","override_variations":false,"allowed_variations":[""],"override_default_variation_attributes":false,"default_variation_attributes":[],"single_product_visibility":"visible","cart_visibility":"hidden","order_visibility":"visible","single_product_price_visibility":"visible","cart_price_visibility":"visible","order_price_visibility":"visible","stock_status":"in_stock"},{"bundled_item_id":1650,"product_id":22273,"menu_order":4,"quantity_min":2,"quantity_max":2,"quantity_default":2,"priced_individually":true,"shipped_individually":false,"override_title":false,"title":"ressort 25 mm","override_description":false,"description":"ressort 25 mm","optional":false,"hide_thumbnail":false,"discount":"","override_variations":false,"allowed_variations":[""],"override_default_variation_attributes":false,"default_variation_attributes":[],"single_product_visibility":"visible","cart_visibility":"hidden","order_visibility":"visible","single_product_price_visibility":"visible","cart_price_visibility":"visible","order_price_visibility":"visible","stock_status":"in_stock"},{"bundled_item_id":1651,"product_id":22276,"menu_order":5,"quantity_min":2,"quantity_max":2,"quantity_default":2,"priced_individually":true,"shipped_individually":false,"override_title":false,"title":"Snap ring 25mm shaft","override_description":false,"description":"Snap ring 25mm shaft","optional":false,"hide_thumbnail":false,"discount":"","override_variations":false,"allowed_variations":[""],"override_default_variation_attributes":false,"default_variation_attributes":[],"single_product_visibility":"visible","cart_visibility":"hidden","order_visibility":"visible","single_product_price_visibility":"visible","cart_price_visibility":"visible","order_price_visibility":"visible","stock_status":"in_stock"}],"bundle_sell_ids":[],"acf":[],"_links":{"self":[{"href":"https:\/\/www.fiatvanderlaan.com\/fr\/wp-json\/wp\/v2\/product\/34562","targetHints":{"allow":["GET"]}}],"collection":[{"href":"https:\/\/www.fiatvanderlaan.com\/fr\/wp-json\/wp\/v2\/product"}],"about":[{"href":"https:\/\/www.fiatvanderlaan.com\/fr\/wp-json\/wp\/v2\/types\/product"}],"wp:featuredmedia":[{"embeddable":true,"href":"https:\/\/www.fiatvanderlaan.com\/fr\/wp-json\/wp\/v2\/media\/34566"}],"wp:attachment":[{"href":"https:\/\/www.fiatvanderlaan.com\/fr\/wp-json\/wp\/v2\/media?parent=34562"}],"wp:term":[{"taxonomy":"product_brand","embeddable":true,"href":"https:\/\/www.fiatvanderlaan.com\/fr\/wp-json\/wp\/v2\/product_brand?post=34562"},{"taxonomy":"product_cat","embeddable":true,"href":"https:\/\/www.fiatvanderlaan.com\/fr\/wp-json\/wp\/v2\/product_cat?post=34562"},{"taxonomy":"product_tag","embeddable":true,"href":"https:\/\/www.fiatvanderlaan.com\/fr\/wp-json\/wp\/v2\/product_tag?post=34562"}],"curies":[{"name":"wp","href":"https:\/\/api.w.org\/{rel}","templated":true}]}}