{"id":26785,"date":"2022-05-17T18:23:05","date_gmt":"2022-05-17T17:23:05","guid":{"rendered":"https:\/\/www.fiatvanderlaan.nl\/?post_type=product&#038;p=26785"},"modified":"2024-04-08T22:39:25","modified_gmt":"2024-04-08T21:39:25","slug":"carpro-bugout-insects-cleaner-500ml","status":"publish","type":"product","link":"https:\/\/www.fiatvanderlaan.com\/fr\/produit\/carpro-bugout-insects-cleaner-500ml\/","title":{"rendered":"CarPro BugOut Insects Cleaner 500ml"},"content":{"rendered":"<p>CarPro Bug-Out est la solution pour \u00e9liminer les insectes et les restes d&#8217;insectes. D\u00e8s que les insectes sont \u00e0 la surface, les enzymes et les prot\u00e9ines durcissent, de sorte qu&#8217;elles adh\u00e8rent \u00e0 la peinture.<\/p>\n<p>Les insectes peuvent causer de vilaines taches et m\u00eame s&#8217;infiltrer compl\u00e8tement dans la peinture, ce qui peut causer des dommages permanents.<\/p>\n<p>CarPro Bug-Out est le moyen id\u00e9al pour \u00e9liminer efficacement et en toute s\u00e9curit\u00e9 les insectes de la peinture. La formule adoucit les insectes et les \u00e9cailles dures afin qu&#8217;elles se d\u00e9tachent facilement de la peinture.<\/p>\n<p>Bug-Out est sans danger sur une vari\u00e9t\u00e9 de surfaces telles que la couche transparente, le verre, le plastique, le chrome, l&#8217;aluminium et plus encore.<\/p>\n<p>Contenu : 500 ml<\/p>\n","protected":false},"excerpt":{"rendered":"<p>CarPro Bug-Out est la solution pour \u00e9liminer les insectes et les restes d&#8217;insectes. D\u00e8s que les insectes sont \u00e0 la surface, les enzymes et les prot\u00e9ines durcissent, de sorte qu&#8217;elles adh\u00e8rent \u00e0 la peinture. Les insectes peuvent causer de vilaines taches et m\u00eame s&#8217;infiltrer compl\u00e8tement dans la peinture, ce qui peut causer des dommages permanents. [&hellip;]<\/p>\n","protected":false},"featured_media":26789,"template":"","meta":{"_acf_changed":false,"_seopress_robots_primary_cat":"","_seopress_titles_title":"","_seopress_titles_desc":"","_seopress_robots_index":"","site-sidebar-layout":"default","site-content-layout":"","ast-site-content-layout":"default","site-content-style":"default","site-sidebar-style":"default","ast-global-header-display":"","ast-banner-title-visibility":"","ast-main-header-display":"","ast-hfb-above-header-display":"","ast-hfb-below-header-display":"","ast-hfb-mobile-header-display":"","site-post-title":"","ast-breadcrumbs-content":"","ast-featured-img":"","footer-sml-layout":"","ast-disable-related-posts":"","theme-transparent-header-meta":"","adv-header-id-meta":"","stick-header-meta":"","header-above-stick-meta":"","header-main-stick-meta":"","header-below-stick-meta":"","astra-migrate-meta-layouts":"default","ast-page-background-enabled":"default","ast-page-background-meta":{"desktop":{"background-color":"var(--ast-global-color-4)","background-image":"","background-repeat":"repeat","background-position":"center center","background-size":"auto","background-attachment":"scroll","background-type":"","background-media":"","overlay-type":"","overlay-color":"","overlay-opacity":"","overlay-gradient":""},"tablet":{"background-color":"","background-image":"","background-repeat":"repeat","background-position":"center center","background-size":"auto","background-attachment":"scroll","background-type":"","background-media":"","overlay-type":"","overlay-color":"","overlay-opacity":"","overlay-gradient":""},"mobile":{"background-color":"","background-image":"","background-repeat":"repeat","background-position":"center center","background-size":"auto","background-attachment":"scroll","background-type":"","background-media":"","overlay-type":"","overlay-color":"","overlay-opacity":"","overlay-gradient":""}},"ast-content-background-meta":{"desktop":{"background-color":"var(--ast-global-color-5)","background-image":"","background-repeat":"repeat","background-position":"center center","background-size":"auto","background-attachment":"scroll","background-type":"","background-media":"","overlay-type":"","overlay-color":"","overlay-opacity":"","overlay-gradient":""},"tablet":{"background-color":"var(--ast-global-color-5)","background-image":"","background-repeat":"repeat","background-position":"center center","background-size":"auto","background-attachment":"scroll","background-type":"","background-media":"","overlay-type":"","overlay-color":"","overlay-opacity":"","overlay-gradient":""},"mobile":{"background-color":"var(--ast-global-color-5)","background-image":"","background-repeat":"repeat","background-position":"center center","background-size":"auto","background-attachment":"scroll","background-type":"","background-media":"","overlay-type":"","overlay-color":"","overlay-opacity":"","overlay-gradient":""}}},"product_brand":[],"product_cat":[355],"product_tag":[],"class_list":{"0":"post-26785","1":"product","2":"type-product","3":"status-publish","4":"has-post-thumbnail","6":"product_cat-nettoyage","7":"desktop-align-center","8":"tablet-align-center","9":"mobile-align-center","10":"ast-product-gallery-layout-horizontal-slider","11":"ast-product-gallery-with-no-image","12":"ast-magnify-disabled","13":"ast-product-tabs-layout-distributed","14":"ast-qv-on-image","16":"first","17":"instock","18":"sale","19":"taxable","20":"shipping-taxable","21":"purchasable","22":"product-type-simple","23":"add-to-wishlist-after_add_to_cart"},"bundled_by":[],"bundle_stock_status":"instock","bundle_stock_quantity":2,"bundle_virtual":false,"bundle_layout":"","bundle_add_to_cart_form_location":"","bundle_editable_in_cart":false,"bundle_sold_individually_context":"","bundle_item_grouping":"","bundle_min_size":"","bundle_max_size":"","bundle_price":[],"bundled_items":[],"bundle_sell_ids":[],"acf":[],"_links":{"self":[{"href":"https:\/\/www.fiatvanderlaan.com\/fr\/wp-json\/wp\/v2\/product\/26785","targetHints":{"allow":["GET"]}}],"collection":[{"href":"https:\/\/www.fiatvanderlaan.com\/fr\/wp-json\/wp\/v2\/product"}],"about":[{"href":"https:\/\/www.fiatvanderlaan.com\/fr\/wp-json\/wp\/v2\/types\/product"}],"wp:featuredmedia":[{"embeddable":true,"href":"https:\/\/www.fiatvanderlaan.com\/fr\/wp-json\/wp\/v2\/media\/26789"}],"wp:attachment":[{"href":"https:\/\/www.fiatvanderlaan.com\/fr\/wp-json\/wp\/v2\/media?parent=26785"}],"wp:term":[{"taxonomy":"product_brand","embeddable":true,"href":"https:\/\/www.fiatvanderlaan.com\/fr\/wp-json\/wp\/v2\/product_brand?post=26785"},{"taxonomy":"product_cat","embeddable":true,"href":"https:\/\/www.fiatvanderlaan.com\/fr\/wp-json\/wp\/v2\/product_cat?post=26785"},{"taxonomy":"product_tag","embeddable":true,"href":"https:\/\/www.fiatvanderlaan.com\/fr\/wp-json\/wp\/v2\/product_tag?post=26785"}],"curies":[{"name":"wp","href":"https:\/\/api.w.org\/{rel}","templated":true}]}}