{"id":26778,"date":"2022-05-17T18:18:58","date_gmt":"2022-05-17T17:18:58","guid":{"rendered":"https:\/\/www.fiatvanderlaan.nl\/?post_type=product&#038;p=26778"},"modified":"2022-05-17T19:21:50","modified_gmt":"2022-05-17T18:21:50","slug":"carpro-iron-x-cleaner-500ml","status":"publish","type":"product","link":"https:\/\/www.fiatvanderlaan.com\/fr\/produit\/carpro-iron-x-cleaner-500ml\/","title":{"rendered":"CarPro Iron.X Cleaner 500ml"},"content":{"rendered":"<p>CarPro est un producteur de produits d&#8217;entretien automobile tr\u00e8s innovants, dont Iron X se d\u00e9marque. Depuis l&#8217;arriv\u00e9e d&#8217;Iron.X, tous les d\u00e9taillants et passionn\u00e9s de voitures ont \u00e9t\u00e9 impressionn\u00e9s par ce produit.<\/p>\n<p><strong>D\u00e9rouillant \u00e9clair Iron X<\/strong><\/p>\n<p>CarPro Iron X a \u00e9t\u00e9 sp\u00e9cialement d\u00e9velopp\u00e9 pour \u00e9liminer en toute s\u00e9curit\u00e9 et m\u00eame d\u00e9composer les petites particules m\u00e9talliques qui ont adh\u00e9r\u00e9 \u00e0 la peinture. Iron X est un agent au PH neutre et peut \u00eatre utilis\u00e9 en toute s\u00e9curit\u00e9 sur la peinture automobile, les vitres, le plastique et tous les types de jantes. Iron X est \u00e9galement tr\u00e8s efficace contre d&#8217;autres contaminants et inhibiteurs chimiques. Iron.X nettoie en profondeur les pores de la peinture, mais n&#8217;affecte pas la peinture.<\/p>\n<p>CarPro Iron X est \u00e9galement id\u00e9al pour nettoyer les jantes l\u00e0 o\u00f9 tous les autres nettoyants pour jantes \u00e9chouent. Iron.X est un produit transparent qui r\u00e9agit \u00e0 la pollution. En raison de la r\u00e9action avec les particules m\u00e9talliques, la couleur vire au rouge\/violet. Les particules m\u00e9talliques sont d\u00e9compos\u00e9es et peuvent ensuite \u00eatre lav\u00e9es avec de l&#8217;eau.<\/p>\n<p><strong>Manuel CarPro Fer X<\/strong><\/p>\n<p>1. Vaporisez Iron X sur la surface<br \/>\n2. Laissez le produit agir pendant 3 \u00e0 5 minutes (pas en plein soleil)<br \/>\n3. Si n\u00e9cessaire, utilisez un gant de lavage ou une brosse (pour les jantes) pour travailler dans<br \/>\n4. Rincer la surface avec de l&#8217;eau<\/p>\n<p>Contenu : 500 ml, pulv\u00e9risateur inclus.<\/p>\n","protected":false},"excerpt":{"rendered":"<p>CarPro est un producteur de produits d&#8217;entretien automobile tr\u00e8s innovants, dont Iron X se d\u00e9marque. Depuis l&#8217;arriv\u00e9e d&#8217;Iron.X, tous les d\u00e9taillants et passionn\u00e9s de voitures ont \u00e9t\u00e9 impressionn\u00e9s par ce produit. D\u00e9rouillant \u00e9clair Iron X CarPro Iron X a \u00e9t\u00e9 sp\u00e9cialement d\u00e9velopp\u00e9 pour \u00e9liminer en toute s\u00e9curit\u00e9 et m\u00eame d\u00e9composer les petites particules m\u00e9talliques qui [&hellip;]<\/p>\n","protected":false},"featured_media":26782,"template":"","meta":{"_acf_changed":false,"_seopress_robots_primary_cat":"","_seopress_titles_title":"","_seopress_titles_desc":"","_seopress_robots_index":"","site-sidebar-layout":"default","site-content-layout":"","ast-site-content-layout":"default","site-content-style":"default","site-sidebar-style":"default","ast-global-header-display":"","ast-banner-title-visibility":"","ast-main-header-display":"","ast-hfb-above-header-display":"","ast-hfb-below-header-display":"","ast-hfb-mobile-header-display":"","site-post-title":"","ast-breadcrumbs-content":"","ast-featured-img":"","footer-sml-layout":"","ast-disable-related-posts":"","theme-transparent-header-meta":"","adv-header-id-meta":"","stick-header-meta":"","header-above-stick-meta":"","header-main-stick-meta":"","header-below-stick-meta":"","astra-migrate-meta-layouts":"default","ast-page-background-enabled":"default","ast-page-background-meta":{"desktop":{"background-color":"var(--ast-global-color-4)","background-image":"","background-repeat":"repeat","background-position":"center center","background-size":"auto","background-attachment":"scroll","background-type":"","background-media":"","overlay-type":"","overlay-color":"","overlay-opacity":"","overlay-gradient":""},"tablet":{"background-color":"","background-image":"","background-repeat":"repeat","background-position":"center center","background-size":"auto","background-attachment":"scroll","background-type":"","background-media":"","overlay-type":"","overlay-color":"","overlay-opacity":"","overlay-gradient":""},"mobile":{"background-color":"","background-image":"","background-repeat":"repeat","background-position":"center center","background-size":"auto","background-attachment":"scroll","background-type":"","background-media":"","overlay-type":"","overlay-color":"","overlay-opacity":"","overlay-gradient":""}},"ast-content-background-meta":{"desktop":{"background-color":"var(--ast-global-color-5)","background-image":"","background-repeat":"repeat","background-position":"center center","background-size":"auto","background-attachment":"scroll","background-type":"","background-media":"","overlay-type":"","overlay-color":"","overlay-opacity":"","overlay-gradient":""},"tablet":{"background-color":"var(--ast-global-color-5)","background-image":"","background-repeat":"repeat","background-position":"center center","background-size":"auto","background-attachment":"scroll","background-type":"","background-media":"","overlay-type":"","overlay-color":"","overlay-opacity":"","overlay-gradient":""},"mobile":{"background-color":"var(--ast-global-color-5)","background-image":"","background-repeat":"repeat","background-position":"center center","background-size":"auto","background-attachment":"scroll","background-type":"","background-media":"","overlay-type":"","overlay-color":"","overlay-opacity":"","overlay-gradient":""}}},"product_brand":[],"product_cat":[355],"product_tag":[],"class_list":{"0":"post-26778","1":"product","2":"type-product","3":"status-publish","4":"has-post-thumbnail","6":"product_cat-nettoyage","7":"desktop-align-center","8":"tablet-align-center","9":"mobile-align-center","10":"ast-product-gallery-layout-horizontal-slider","11":"ast-product-gallery-with-no-image","12":"ast-magnify-disabled","13":"ast-product-tabs-layout-distributed","14":"ast-qv-on-image","16":"first","17":"instock","18":"sale","19":"taxable","20":"shipping-taxable","21":"purchasable","22":"product-type-simple","23":"add-to-wishlist-after_add_to_cart"},"bundled_by":[],"bundle_stock_status":"instock","bundle_stock_quantity":2,"bundle_virtual":false,"bundle_layout":"","bundle_add_to_cart_form_location":"","bundle_editable_in_cart":false,"bundle_sold_individually_context":"","bundle_item_grouping":"","bundle_min_size":"","bundle_max_size":"","bundle_price":[],"bundled_items":[],"bundle_sell_ids":[],"acf":[],"_links":{"self":[{"href":"https:\/\/www.fiatvanderlaan.com\/fr\/wp-json\/wp\/v2\/product\/26778","targetHints":{"allow":["GET"]}}],"collection":[{"href":"https:\/\/www.fiatvanderlaan.com\/fr\/wp-json\/wp\/v2\/product"}],"about":[{"href":"https:\/\/www.fiatvanderlaan.com\/fr\/wp-json\/wp\/v2\/types\/product"}],"wp:featuredmedia":[{"embeddable":true,"href":"https:\/\/www.fiatvanderlaan.com\/fr\/wp-json\/wp\/v2\/media\/26782"}],"wp:attachment":[{"href":"https:\/\/www.fiatvanderlaan.com\/fr\/wp-json\/wp\/v2\/media?parent=26778"}],"wp:term":[{"taxonomy":"product_brand","embeddable":true,"href":"https:\/\/www.fiatvanderlaan.com\/fr\/wp-json\/wp\/v2\/product_brand?post=26778"},{"taxonomy":"product_cat","embeddable":true,"href":"https:\/\/www.fiatvanderlaan.com\/fr\/wp-json\/wp\/v2\/product_cat?post=26778"},{"taxonomy":"product_tag","embeddable":true,"href":"https:\/\/www.fiatvanderlaan.com\/fr\/wp-json\/wp\/v2\/product_tag?post=26778"}],"curies":[{"name":"wp","href":"https:\/\/api.w.org\/{rel}","templated":true}]}}