{"id":23181,"date":"2021-12-23T23:48:45","date_gmt":"2021-12-23T22:48:45","guid":{"rendered":"https:\/\/staging.fiat.wp.appelit.com\/product\/123-dallumage-electronique-fonctionne-uniquement-avec-double-bobinage\/"},"modified":"2025-07-07T09:35:26","modified_gmt":"2025-07-07T07:35:26","slug":"123allumage-electronique-pour-double-bobine","status":"publish","type":"product","link":"https:\/\/www.fiatvanderlaan.com\/fr\/produit\/123allumage-electronique-pour-double-bobine\/","title":{"rendered":"123Allumage \u00e9lectronique (pour double bobine)"},"content":{"rendered":"<p>Le 123\\FIAT-500 est sp\u00e9cialement con\u00e7u pour les moteurs Fiat500 et Fiat126. Gr\u00e2ce \u00e0 une conception astucieuse, il est possible d&#8217;utiliser le distributeur existant. Plus d&#8217;usure, plus de remplacement des points, du condensateur, du rotor et du capuchon, JAMAIS.<br \/>\nL&#8217;avance est maintenant calcul\u00e9e \u00e9lectroniquement : r\u00e9glez-la et oubliez-la !<br \/>\nLe 123\\FIAT est con\u00e7u pour fonctionner avec une double bobine, produisant une \u00e9tincelle forte et vive, pour un meilleur d\u00e9marrage et une meilleure \u00e9conomie.<br \/>\nL&#8217;unit\u00e9 offre une LED int\u00e9gr\u00e9e pour faciliter le calage statique.<br \/>\nL&#8217;unit\u00e9 offre un total maximum de 16 courbes d&#8217;avance \u00e0 s\u00e9lectionner par l&#8217;utilisateur final.<\/p>\n<p><strong>Veuillez<\/strong> lire attentivement le <a href=\"https:\/\/www.123ignition.com\/manuals\/123manual_FIAT500.pdf\" target=\"_blank\" rel=\"noopener\">manuel d&#8217;installation<\/a> .<\/p>\n","protected":false},"excerpt":{"rendered":"<p>500-126<\/p>\n","protected":false},"featured_media":10879,"template":"","meta":{"_acf_changed":false,"_seopress_robots_primary_cat":"none","_seopress_titles_title":"","_seopress_titles_desc":"","_seopress_robots_index":"","site-sidebar-layout":"default","site-content-layout":"","ast-site-content-layout":"default","site-content-style":"default","site-sidebar-style":"default","ast-global-header-display":"","ast-banner-title-visibility":"","ast-main-header-display":"","ast-hfb-above-header-display":"","ast-hfb-below-header-display":"","ast-hfb-mobile-header-display":"","site-post-title":"","ast-breadcrumbs-content":"","ast-featured-img":"","footer-sml-layout":"","ast-disable-related-posts":"","theme-transparent-header-meta":"default","adv-header-id-meta":"","stick-header-meta":"default","header-above-stick-meta":"","header-main-stick-meta":"","header-below-stick-meta":"","astra-migrate-meta-layouts":"default","ast-page-background-enabled":"default","ast-page-background-meta":{"desktop":{"background-color":"var(--ast-global-color-4)","background-image":"","background-repeat":"repeat","background-position":"center center","background-size":"auto","background-attachment":"scroll","background-type":"","background-media":"","overlay-type":"","overlay-color":"","overlay-opacity":"","overlay-gradient":""},"tablet":{"background-color":"","background-image":"","background-repeat":"repeat","background-position":"center center","background-size":"auto","background-attachment":"scroll","background-type":"","background-media":"","overlay-type":"","overlay-color":"","overlay-opacity":"","overlay-gradient":""},"mobile":{"background-color":"","background-image":"","background-repeat":"repeat","background-position":"center center","background-size":"auto","background-attachment":"scroll","background-type":"","background-media":"","overlay-type":"","overlay-color":"","overlay-opacity":"","overlay-gradient":""}},"ast-content-background-meta":{"desktop":{"background-color":"var(--ast-global-color-5)","background-image":"","background-repeat":"repeat","background-position":"center center","background-size":"auto","background-attachment":"scroll","background-type":"","background-media":"","overlay-type":"","overlay-color":"","overlay-opacity":"","overlay-gradient":""},"tablet":{"background-color":"var(--ast-global-color-5)","background-image":"","background-repeat":"repeat","background-position":"center center","background-size":"auto","background-attachment":"scroll","background-type":"","background-media":"","overlay-type":"","overlay-color":"","overlay-opacity":"","overlay-gradient":""},"mobile":{"background-color":"var(--ast-global-color-5)","background-image":"","background-repeat":"repeat","background-position":"center center","background-size":"auto","background-attachment":"scroll","background-type":"","background-media":"","overlay-type":"","overlay-color":"","overlay-opacity":"","overlay-gradient":""}}},"product_brand":[1056],"product_cat":[746],"product_tag":[421],"class_list":{"0":"post-23181","1":"product","2":"type-product","3":"status-publish","4":"has-post-thumbnail","6":"product_brand-123ignition","7":"product_cat-allumage","8":"product_tag-pasderabais","9":"desktop-align-center","10":"tablet-align-center","11":"mobile-align-center","12":"ast-product-gallery-layout-horizontal-slider","13":"ast-product-gallery-with-no-image","14":"ast-magnify-disabled","15":"ast-product-tabs-layout-distributed","16":"ast-qv-on-image","18":"first","19":"instock","20":"taxable","21":"shipping-taxable","22":"purchasable","23":"product-type-simple","24":"add-to-wishlist-after_add_to_cart"},"bundled_by":[],"bundle_stock_status":"instock","bundle_stock_quantity":10,"bundle_virtual":false,"bundle_layout":"","bundle_add_to_cart_form_location":"","bundle_editable_in_cart":false,"bundle_sold_individually_context":"","bundle_item_grouping":"","bundle_min_size":"","bundle_max_size":"","bundle_price":[],"bundled_items":[],"bundle_sell_ids":[],"acf":[],"_links":{"self":[{"href":"https:\/\/www.fiatvanderlaan.com\/fr\/wp-json\/wp\/v2\/product\/23181","targetHints":{"allow":["GET"]}}],"collection":[{"href":"https:\/\/www.fiatvanderlaan.com\/fr\/wp-json\/wp\/v2\/product"}],"about":[{"href":"https:\/\/www.fiatvanderlaan.com\/fr\/wp-json\/wp\/v2\/types\/product"}],"wp:featuredmedia":[{"embeddable":true,"href":"https:\/\/www.fiatvanderlaan.com\/fr\/wp-json\/wp\/v2\/media\/10879"}],"wp:attachment":[{"href":"https:\/\/www.fiatvanderlaan.com\/fr\/wp-json\/wp\/v2\/media?parent=23181"}],"wp:term":[{"taxonomy":"product_brand","embeddable":true,"href":"https:\/\/www.fiatvanderlaan.com\/fr\/wp-json\/wp\/v2\/product_brand?post=23181"},{"taxonomy":"product_cat","embeddable":true,"href":"https:\/\/www.fiatvanderlaan.com\/fr\/wp-json\/wp\/v2\/product_cat?post=23181"},{"taxonomy":"product_tag","embeddable":true,"href":"https:\/\/www.fiatvanderlaan.com\/fr\/wp-json\/wp\/v2\/product_tag?post=23181"}],"curies":[{"name":"wp","href":"https:\/\/api.w.org\/{rel}","templated":true}]}}