{"id":23179,"date":"2021-12-23T23:48:45","date_gmt":"2021-12-23T22:48:45","guid":{"rendered":"https:\/\/staging.fiat.wp.appelit.com\/product\/123-allumage-electronique-high-quality\/"},"modified":"2026-03-18T16:16:38","modified_gmt":"2026-03-18T15:16:38","slug":"123-allumage-electronique","status":"publish","type":"product","link":"https:\/\/www.fiatvanderlaan.com\/fr\/produit\/123-allumage-electronique\/","title":{"rendered":"123Allumage \u00e9lectronique"},"content":{"rendered":"<p>Le 123\/FIAT-2R est sp\u00e9cialement con\u00e7u pour les moteurs Fiat 500 et Fiat 126. Il s&#8217;agit d&#8217;un distributeur complet. Tout comme le 123\/FIAT, il \u00e9liminera l&#8217;usure : plus jamais de remplacement de points ou de condensateur. L&#8217;avance est maintenant calcul\u00e9e \u00e9lectroniquement : r\u00e9glez-la, et oubliez-la !<\/p>\n<p><strong>QUOI DE NEUF ?<\/strong><br \/>\nTous les autres syst\u00e8mes d&#8217;allumage \u00e9lectronique pour FIAT n\u00e9cessitent que le syst\u00e8me d&#8217;avance centrifuge m\u00e9canique d&#8217;origine soit toujours mont\u00e9, les syst\u00e8mes assist\u00e9s par points utilisent m\u00eame la came de fonctionnement des points d&#8217;origine qui subit une usure in\u00e9gale et par cons\u00e9quent un fonctionnement grumeleux du moteur car chaque cylindre a son propre calage d&#8217;allumage impr\u00e9cis . De plus, ils n\u00e9cessitent tous un bo\u00eetier s\u00e9par\u00e9 pour l&#8217;\u00e9lectronique associ\u00e9e.<\/p>\n<p><strong>CONSTRUCTION<\/strong><br \/>\nCette construction de toute l&#8217;\u00e9lectronique \u00e0 l&#8217;int\u00e9rieur d&#8217;un distributeur presque original signifie qu&#8217;il n&#8217;y a pas de fils et de connecteurs inhabituels menant \u00e0 une &#8220;bo\u00eete \u00e0 malices&#8221; (d&#8217;autres types d&#8217;allumage \u00e9lectronique en ont) qui doit \u00eatre mont\u00e9e quelque part !<\/p>\n<p>ANGLE <strong>D&#8217;<\/strong>ATTENTE <strong>VARIABLE<\/strong><br \/>\nBeaucoup mieux qu&#8217;un syst\u00e8me de disjoncteur \u00e0 contact conventionnel, car l&#8217;angle d&#8217;attardement variable garantit une \u00e9tincelle importante \u00e0 haut r\u00e9gime. Avec les &#8220;pointes&#8221; et, bien s\u00fbr, l&#8217;allumage \u00e9lectronique assist\u00e9, l&#8217;angle d&#8217;attardement, contr\u00f4l\u00e9 par l&#8217;\u00e9cartement des pointes, reste constant, de sorte qu&#8217;\u00e0 haut r\u00e9gime, la bobine ne dispose pas d&#8217;un temps de charge suffisant. 123ignition r\u00e9sout le probl\u00e8me de l&#8217;angle d&#8217;arr\u00eat dans le mod\u00e8le de base, d&#8217;autres vous obligent \u00e0 acheter la version &#8220;sport&#8221; pour de telles performances!<\/p>\n<p><strong>MOTEUR PLUS DOUX, PLUS \u00c9QUILIBR\u00c9<\/strong><br \/>\nComment 123ignition peut-il rendre un moteur plus doux ?<br \/>\nUn &#8220;probl\u00e8me FIAT&#8221; typique est le temps d&#8217;allumage l\u00e9g\u00e8rement diff\u00e9rent obtenu sur chaque cylindre en raison de l&#8217;usure ou des irr\u00e9gularit\u00e9s de la came du rupteur de contact. 123ignition r\u00e9sout ce probl\u00e8me de deux fa\u00e7ons : premi\u00e8rement, la came est retir\u00e9e et deuxi\u00e8mement, m\u00eame si les deux aimants n&#8217;\u00e9taient pas espac\u00e9s de fa\u00e7on \u00e9gale, le logiciel de 123ignition le convertit en un temps parfait.<\/p>\n<p><strong>PAS DE PI\u00c8CES<\/strong> EN MOUVEMENT<br \/>\nDe plus, comme l&#8217;avance centrifuge est maintenant g\u00e9r\u00e9e par un logiciel complexe (dans un seul module simple), l&#8217;acc\u00e9l\u00e9ration est incroyablement douce, en particulier dans les trajets lents (de 1000 \u00e0 3000 tr\/min), ce qui est bien mieux qu&#8217;avec l&#8217;allumage conventionnel.<\/p>\n<p><strong>LES AVANTAGES R\u00c9SUM\u00c9S :<\/strong><br \/>\n&#8211; Installation simple sans adaptations m\u00e9caniques<br \/>\n&#8211; Courbe de couple du moteur plus douce<br \/>\n&#8211; Plus jamais d&#8217;entretien !<br \/>\n&#8211; Angle d&#8217;avance variable pour \u00e9viter la surchauffe de la bobine d&#8217;allumage \u00e0 vitesse \u00e9lev\u00e9e. Angle de temporisation variable pour \u00e9viter la surchauffe de la bobine d&#8217;allumage \u00e0 basse vitesse et une meilleure \u00e9tincelle \u00e0 toutes les vitesses<br \/>\n&#8211; Meilleur d\u00e9marrage<br \/>\n&#8211; Meilleures \u00e9missions<br \/>\n&#8211; Meilleure consommation de carburant<br \/>\n&#8211; 16 courbes d&#8217;avance diff\u00e9rentes, id\u00e9ales pour les r\u00e9glages<br \/>\n&#8211; Pas de br\u00fblure de la bobine d&#8217;allumage (apr\u00e8s l&#8217;arr\u00eat du moteur, l&#8217;alimentation de la bobine est coup\u00e9e au bout d&#8217;une seconde !<br \/>\n&#8211; LED int\u00e9gr\u00e9e pour un calage statique simple de l&#8217;allumage<\/p>\n<p><strong>VRAIE valeur pour votre argent!<\/strong><\/p>\n<p><strong>Utiliser un anneau en aluminium sur un moteur de 500cc (110F) ! N&#8217;utilisez pas la bague en aluminium sur un moteur de 600\/650 cm3 (126) ! S&#8217;il vous pla\u00eet<\/strong>  lire attentivement le <a href=\"https:\/\/www.123ignitionshop.com\/manuals\/fiat500_manual.pdf\" target=\"_blank\" rel=\"noopener\">manuel d&#8217;installation<\/a>. Il contient plus d&#8217;informations sur les num\u00e9ros du moteur et du distributeur, le calage statique et les courbes d&#8217;avance (qui se trouvent souvent \u00e0 la derni\u00e8re page), les sp\u00e9cifications de l&#8217;allumage 123 et une description \u00e9tape par \u00e9tape de la proc\u00e9dure d&#8217;installation.<\/p>\n","protected":false},"excerpt":{"rendered":"<p>500-600-650cc<\/p>\n","protected":false},"featured_media":10871,"template":"","meta":{"_acf_changed":false,"_seopress_robots_primary_cat":"none","_seopress_titles_title":"","_seopress_titles_desc":"Le 123ignition 123\/FIAT-2R est un allumage \u00e9lectronique con\u00e7u sp\u00e9cialement pour les moteurs Fiat 500 et Fiat 126. Il s'agit d'un distributeur complet. Il \u00e9limine l'usure : plus jamais de remplacement de pointes ou de condensateur.","_seopress_robots_index":"","site-sidebar-layout":"default","site-content-layout":"default","ast-site-content-layout":"default","site-content-style":"default","site-sidebar-style":"default","ast-global-header-display":"","ast-banner-title-visibility":"","ast-main-header-display":"","ast-hfb-above-header-display":"","ast-hfb-below-header-display":"","ast-hfb-mobile-header-display":"","site-post-title":"","ast-breadcrumbs-content":"","ast-featured-img":"","footer-sml-layout":"","ast-disable-related-posts":"","theme-transparent-header-meta":"default","adv-header-id-meta":"","stick-header-meta":"default","header-above-stick-meta":"","header-main-stick-meta":"","header-below-stick-meta":"","astra-migrate-meta-layouts":"default","ast-page-background-enabled":"default","ast-page-background-meta":{"desktop":{"background-color":"var(--ast-global-color-4)","background-image":"","background-repeat":"repeat","background-position":"center center","background-size":"auto","background-attachment":"scroll","background-type":"","background-media":"","overlay-type":"","overlay-color":"","overlay-opacity":"","overlay-gradient":""},"tablet":{"background-color":"","background-image":"","background-repeat":"repeat","background-position":"center center","background-size":"auto","background-attachment":"scroll","background-type":"","background-media":"","overlay-type":"","overlay-color":"","overlay-opacity":"","overlay-gradient":""},"mobile":{"background-color":"","background-image":"","background-repeat":"repeat","background-position":"center center","background-size":"auto","background-attachment":"scroll","background-type":"","background-media":"","overlay-type":"","overlay-color":"","overlay-opacity":"","overlay-gradient":""}},"ast-content-background-meta":{"desktop":{"background-color":"var(--ast-global-color-5)","background-image":"","background-repeat":"repeat","background-position":"center center","background-size":"auto","background-attachment":"scroll","background-type":"","background-media":"","overlay-type":"","overlay-color":"","overlay-opacity":"","overlay-gradient":""},"tablet":{"background-color":"var(--ast-global-color-5)","background-image":"","background-repeat":"repeat","background-position":"center center","background-size":"auto","background-attachment":"scroll","background-type":"","background-media":"","overlay-type":"","overlay-color":"","overlay-opacity":"","overlay-gradient":""},"mobile":{"background-color":"var(--ast-global-color-5)","background-image":"","background-repeat":"repeat","background-position":"center center","background-size":"auto","background-attachment":"scroll","background-type":"","background-media":"","overlay-type":"","overlay-color":"","overlay-opacity":"","overlay-gradient":""}}},"product_brand":[1056],"product_cat":[746],"product_tag":[421],"class_list":{"0":"post-23179","1":"product","2":"type-product","3":"status-publish","4":"has-post-thumbnail","6":"product_brand-123ignition","7":"product_cat-allumage","8":"product_tag-pasderabais","9":"desktop-align-center","10":"tablet-align-center","11":"mobile-align-center","12":"ast-product-gallery-layout-horizontal-slider","13":"ast-magnify-disabled","14":"ast-product-tabs-layout-distributed","15":"ast-qv-on-image","17":"first","18":"instock","19":"featured","20":"taxable","21":"shipping-taxable","22":"purchasable","23":"product-type-simple","24":"add-to-wishlist-after_add_to_cart"},"bundled_by":[],"bundle_stock_status":"instock","bundle_stock_quantity":7,"bundle_virtual":false,"bundle_layout":"","bundle_add_to_cart_form_location":"","bundle_editable_in_cart":false,"bundle_sold_individually_context":"","bundle_item_grouping":"","bundle_min_size":"","bundle_max_size":"","bundle_price":[],"bundled_items":[],"bundle_sell_ids":[],"acf":[],"_links":{"self":[{"href":"https:\/\/www.fiatvanderlaan.com\/fr\/wp-json\/wp\/v2\/product\/23179","targetHints":{"allow":["GET"]}}],"collection":[{"href":"https:\/\/www.fiatvanderlaan.com\/fr\/wp-json\/wp\/v2\/product"}],"about":[{"href":"https:\/\/www.fiatvanderlaan.com\/fr\/wp-json\/wp\/v2\/types\/product"}],"wp:featuredmedia":[{"embeddable":true,"href":"https:\/\/www.fiatvanderlaan.com\/fr\/wp-json\/wp\/v2\/media\/10871"}],"wp:attachment":[{"href":"https:\/\/www.fiatvanderlaan.com\/fr\/wp-json\/wp\/v2\/media?parent=23179"}],"wp:term":[{"taxonomy":"product_brand","embeddable":true,"href":"https:\/\/www.fiatvanderlaan.com\/fr\/wp-json\/wp\/v2\/product_brand?post=23179"},{"taxonomy":"product_cat","embeddable":true,"href":"https:\/\/www.fiatvanderlaan.com\/fr\/wp-json\/wp\/v2\/product_cat?post=23179"},{"taxonomy":"product_tag","embeddable":true,"href":"https:\/\/www.fiatvanderlaan.com\/fr\/wp-json\/wp\/v2\/product_tag?post=23179"}],"curies":[{"name":"wp","href":"https:\/\/api.w.org\/{rel}","templated":true}]}}