{"id":125429,"date":"2026-03-03T11:52:19","date_gmt":"2026-03-03T10:52:19","guid":{"rendered":"https:\/\/www.fiatvanderlaan.com\/product\/manuel-datelier-fiat-500-anglais-haynes\/"},"modified":"2026-03-03T11:55:35","modified_gmt":"2026-03-03T10:55:35","slug":"manuel-datelier-fiat-500-anglais-haynes","status":"publish","type":"product","link":"https:\/\/www.fiatvanderlaan.com\/fr\/produit\/manuel-datelier-fiat-500-anglais-haynes\/","title":{"rendered":"Manuel d&#8217;atelier Fiat 500 (anglais) &#8211; Haynes"},"content":{"rendered":"<p>Un manuel Haynes simplifie l&#8217;entretien de votre Fiat 500 (1957-1973). Avec des instructions claires \u00e9tape par \u00e9tape, des photos d\u00e9taill\u00e9es et des conseils d&#8217;experts, il vous montre exactement comment entretenir, r\u00e9viser et r\u00e9parer votre voiture \u00e0 la maison. <\/p>\n<p>Du contr\u00f4le technique \u00e0 l&#8217;entretien courant, en passant par les freins, l&#8217;\u00e9lectricit\u00e9 et la recherche de pannes, toutes les t\u00e2ches et proc\u00e9dures essentielles sont couvertes. Bas\u00e9 sur un d\u00e9montage et une reconstruction complets par l&#8217;\u00e9quipe de l&#8217;atelier Haynes, ce manuel de r\u00e9paration fiable vous donne la confiance n\u00e9cessaire pour faire le travail correctement, du premier coup &#8211; \u00e9conomisant ainsi de l&#8217;argent sur les factures du garage et permettant \u00e0 votre voiture de fonctionner au mieux de ses capacit\u00e9s. <\/p>\n<p>Ce qui est inclus :<\/p>\n<ul>\n<li>Instructions \u00e9tape par \u00e9tape bas\u00e9es sur un d\u00e9montage et une reconstruction complets<\/li>\n<li>Des conseils et des techniques de bricolage r\u00e9dig\u00e9s par l&#8217;\u00e9quipe Haynes<\/li>\n<li>Un outil de recherche de pannes permettant de gagner du temps et d\u00e9taillant plus de 400 probl\u00e8mes courants de votre voiture.<\/li>\n<li>Sch\u00e9mas de c\u00e2blage des principaux syst\u00e8mes du v\u00e9hicule<\/li>\n<li>Plus de 700 photos et illustrations pour faciliter les t\u00e2ches d\u00e9licates<\/li>\n<\/ul>\n","protected":false},"excerpt":{"rendered":"<p>500<\/p>\n","protected":false},"featured_media":125424,"template":"","meta":{"_acf_changed":false,"_seopress_robots_primary_cat":"none","_seopress_titles_title":"","_seopress_titles_desc":"","_seopress_robots_index":"","site-sidebar-layout":"default","site-content-layout":"","ast-site-content-layout":"default","site-content-style":"default","site-sidebar-style":"default","ast-global-header-display":"","ast-banner-title-visibility":"","ast-main-header-display":"","ast-hfb-above-header-display":"","ast-hfb-below-header-display":"","ast-hfb-mobile-header-display":"","site-post-title":"","ast-breadcrumbs-content":"","ast-featured-img":"","footer-sml-layout":"","ast-disable-related-posts":"","theme-transparent-header-meta":"default","adv-header-id-meta":"","stick-header-meta":"default","header-above-stick-meta":"","header-main-stick-meta":"","header-below-stick-meta":"","astra-migrate-meta-layouts":"default","ast-page-background-enabled":"default","ast-page-background-meta":{"desktop":{"background-color":"var(--ast-global-color-4)","background-image":"","background-repeat":"repeat","background-position":"center center","background-size":"auto","background-attachment":"scroll","background-type":"","background-media":"","overlay-type":"","overlay-color":"","overlay-opacity":"","overlay-gradient":""},"tablet":{"background-color":"","background-image":"","background-repeat":"repeat","background-position":"center center","background-size":"auto","background-attachment":"scroll","background-type":"","background-media":"","overlay-type":"","overlay-color":"","overlay-opacity":"","overlay-gradient":""},"mobile":{"background-color":"","background-image":"","background-repeat":"repeat","background-position":"center center","background-size":"auto","background-attachment":"scroll","background-type":"","background-media":"","overlay-type":"","overlay-color":"","overlay-opacity":"","overlay-gradient":""}},"ast-content-background-meta":{"desktop":{"background-color":"var(--ast-global-color-5)","background-image":"","background-repeat":"repeat","background-position":"center center","background-size":"auto","background-attachment":"scroll","background-type":"","background-media":"","overlay-type":"","overlay-color":"","overlay-opacity":"","overlay-gradient":""},"tablet":{"background-color":"var(--ast-global-color-5)","background-image":"","background-repeat":"repeat","background-position":"center center","background-size":"auto","background-attachment":"scroll","background-type":"","background-media":"","overlay-type":"","overlay-color":"","overlay-opacity":"","overlay-gradient":""},"mobile":{"background-color":"var(--ast-global-color-5)","background-image":"","background-repeat":"repeat","background-position":"center center","background-size":"auto","background-attachment":"scroll","background-type":"","background-media":"","overlay-type":"","overlay-color":"","overlay-opacity":"","overlay-gradient":""}}},"product_brand":[],"product_cat":[845,829],"product_tag":[421],"class_list":{"0":"post-125429","1":"product","2":"type-product","3":"status-publish","4":"has-post-thumbnail","6":"product_cat-bricolage","7":"product_cat-livres","8":"product_tag-pasderabais","9":"product_shipping_class-petite","10":"desktop-align-center","11":"tablet-align-center","12":"mobile-align-center","13":"ast-product-gallery-layout-horizontal-slider","14":"ast-magnify-disabled","15":"ast-product-tabs-layout-distributed","16":"ast-qv-on-image","18":"first","19":"instock","20":"taxable","21":"shipping-taxable","22":"purchasable","23":"product-type-simple","24":"add-to-wishlist-after_add_to_cart"},"bundled_by":[],"bundle_stock_status":"instock","bundle_stock_quantity":2,"bundle_virtual":false,"bundle_layout":"","bundle_add_to_cart_form_location":"","bundle_editable_in_cart":false,"bundle_sold_individually_context":"","bundle_item_grouping":"","bundle_min_size":"","bundle_max_size":"","bundle_price":[],"bundled_items":[],"bundle_sell_ids":[],"acf":[],"_links":{"self":[{"href":"https:\/\/www.fiatvanderlaan.com\/fr\/wp-json\/wp\/v2\/product\/125429","targetHints":{"allow":["GET"]}}],"collection":[{"href":"https:\/\/www.fiatvanderlaan.com\/fr\/wp-json\/wp\/v2\/product"}],"about":[{"href":"https:\/\/www.fiatvanderlaan.com\/fr\/wp-json\/wp\/v2\/types\/product"}],"wp:featuredmedia":[{"embeddable":true,"href":"https:\/\/www.fiatvanderlaan.com\/fr\/wp-json\/wp\/v2\/media\/125424"}],"wp:attachment":[{"href":"https:\/\/www.fiatvanderlaan.com\/fr\/wp-json\/wp\/v2\/media?parent=125429"}],"wp:term":[{"taxonomy":"product_brand","embeddable":true,"href":"https:\/\/www.fiatvanderlaan.com\/fr\/wp-json\/wp\/v2\/product_brand?post=125429"},{"taxonomy":"product_cat","embeddable":true,"href":"https:\/\/www.fiatvanderlaan.com\/fr\/wp-json\/wp\/v2\/product_cat?post=125429"},{"taxonomy":"product_tag","embeddable":true,"href":"https:\/\/www.fiatvanderlaan.com\/fr\/wp-json\/wp\/v2\/product_tag?post=125429"}],"curies":[{"name":"wp","href":"https:\/\/api.w.org\/{rel}","templated":true}]}}