{"id":117224,"date":"2026-01-23T14:19:47","date_gmt":"2026-01-23T13:19:47","guid":{"rendered":"https:\/\/www.fiatvanderlaan.com\/product\/amelioration-de-la-puissance-des-phares-feux-de-croisement-et-de-route\/"},"modified":"2026-01-23T15:06:55","modified_gmt":"2026-01-23T14:06:55","slug":"amelioration-de-la-puissance-des-phares-feux-de-croisement-et-de-route","status":"publish","type":"product","link":"https:\/\/www.fiatvanderlaan.com\/fr\/produit\/amelioration-de-la-puissance-des-phares-feux-de-croisement-et-de-route\/","title":{"rendered":"Am\u00e9lioration de la puissance des phares &#8211; feux de croisement et de route"},"content":{"rendered":"<p>Ce kit d&#8217;am\u00e9lioration a \u00e9t\u00e9 d\u00e9velopp\u00e9 sp\u00e9cifiquement pour la Fiat 500 et la Fiat 126. Il commute les feux de croisement et les feux de route de deux phares par l&#8217;interm\u00e9diaire d&#8217;un circuit \u00e0 relais. Cela rend la lumi\u00e8re beaucoup plus brillante et augmente consid\u00e9rablement la dur\u00e9e de vie des interrupteurs et des c\u00e2bles d&#8217;origine.  <\/p>\n<p>Ce kit peut \u00e9galement \u00eatre utilis\u00e9 pour d&#8217;autres v\u00e9hicules \u00e9quip\u00e9s de connecteurs H4 sur les phares. La distance maximale entre les phares est limit\u00e9e \u00e0 110 cm en raison de la longueur du c\u00e2ble. D&#8217;autres types sont disponibles sur demande.  <\/p>\n<p>Les avantages du kit sont les suivants :<\/p>\n<ul>\n<li>L&#8217;installation ne n\u00e9cessite aucun outil et le faisceau de c\u00e2bles existant n&#8217;a pas besoin d&#8217;\u00eatre modifi\u00e9 !<\/li>\n<li>Aucun c\u00e2ble ne doit \u00eatre coup\u00e9 !<\/li>\n<li>L&#8217;installation prend moins de 10 minutes<\/li>\n<li>Des instructions d&#8217;installation illustr\u00e9es sont incluses<\/li>\n<li>Les relais int\u00e9gr\u00e9s sont \u00e9quip\u00e9s de fusibles<\/li>\n<li>Commutation des feux de route et de croisement des 2 phares<\/li>\n<li>Les relais ou autres pi\u00e8ces sont disponibles en tant que pi\u00e8ces de rechange.<\/li>\n<li>Production suisse de tr\u00e8s haute qualit\u00e9<\/li>\n<\/ul>\n<p>Ce kit de conversion est n\u00e9cessaire pour l&#8217;installation de phares avec une ampoule H4 (nous recommandons \u00e9galement ce kit pour les phares R2). En effet, les c\u00e2bles, interrupteurs et fusibles d&#8217;origine de la Fiat 500, par exemple, ne sont pas con\u00e7us \u00e0 cet effet. <\/p>\n<p>1 Kit n\u00e9cessaire par voiture<\/p>\n<p>Plus d&#8217;informations techniques : <a href=\"https:\/\/www.fiatvanderlaan.com\/kb-docs\/weak-headlights-and-poor-light-image\/\" target=\"_blank\" rel=\"noopener\">ici<\/a><\/p>\n<p>Manuel : <a href=\"\/wp-content\/uploads\/manuals\/lp7202_manual.pdf\" target=\"_blank\" rel=\"noopener\">ici<\/a><\/p>\n","protected":false},"excerpt":{"rendered":"<p>500-126<\/p>\n","protected":false},"featured_media":117197,"template":"","meta":{"_acf_changed":false,"_seopress_robots_primary_cat":"none","_seopress_titles_title":"","_seopress_titles_desc":"","_seopress_robots_index":"","site-sidebar-layout":"default","site-content-layout":"","ast-site-content-layout":"default","site-content-style":"default","site-sidebar-style":"default","ast-global-header-display":"","ast-banner-title-visibility":"","ast-main-header-display":"","ast-hfb-above-header-display":"","ast-hfb-below-header-display":"","ast-hfb-mobile-header-display":"","site-post-title":"","ast-breadcrumbs-content":"","ast-featured-img":"","footer-sml-layout":"","ast-disable-related-posts":"","theme-transparent-header-meta":"default","adv-header-id-meta":"","stick-header-meta":"default","header-above-stick-meta":"","header-main-stick-meta":"","header-below-stick-meta":"","astra-migrate-meta-layouts":"default","ast-page-background-enabled":"default","ast-page-background-meta":{"desktop":{"background-color":"var(--ast-global-color-4)","background-image":"","background-repeat":"repeat","background-position":"center center","background-size":"auto","background-attachment":"scroll","background-type":"","background-media":"","overlay-type":"","overlay-color":"","overlay-opacity":"","overlay-gradient":""},"tablet":{"background-color":"","background-image":"","background-repeat":"repeat","background-position":"center center","background-size":"auto","background-attachment":"scroll","background-type":"","background-media":"","overlay-type":"","overlay-color":"","overlay-opacity":"","overlay-gradient":""},"mobile":{"background-color":"","background-image":"","background-repeat":"repeat","background-position":"center center","background-size":"auto","background-attachment":"scroll","background-type":"","background-media":"","overlay-type":"","overlay-color":"","overlay-opacity":"","overlay-gradient":""}},"ast-content-background-meta":{"desktop":{"background-color":"var(--ast-global-color-5)","background-image":"","background-repeat":"repeat","background-position":"center center","background-size":"auto","background-attachment":"scroll","background-type":"","background-media":"","overlay-type":"","overlay-color":"","overlay-opacity":"","overlay-gradient":""},"tablet":{"background-color":"var(--ast-global-color-5)","background-image":"","background-repeat":"repeat","background-position":"center center","background-size":"auto","background-attachment":"scroll","background-type":"","background-media":"","overlay-type":"","overlay-color":"","overlay-opacity":"","overlay-gradient":""},"mobile":{"background-color":"var(--ast-global-color-5)","background-image":"","background-repeat":"repeat","background-position":"center center","background-size":"auto","background-attachment":"scroll","background-type":"","background-media":"","overlay-type":"","overlay-color":"","overlay-opacity":"","overlay-gradient":""}}},"product_brand":[1040],"product_cat":[667,754],"product_tag":[],"class_list":{"0":"post-117224","1":"product","2":"type-product","3":"status-publish","4":"has-post-thumbnail","6":"product_brand-carinte","7":"product_cat-eclairage-avant","8":"product_cat-faisceaux-de-cables","9":"desktop-align-center","10":"tablet-align-center","11":"mobile-align-center","12":"ast-product-gallery-layout-horizontal-slider","13":"ast-magnify-disabled","14":"ast-product-tabs-layout-distributed","15":"ast-qv-on-image","17":"first","18":"instock","19":"taxable","20":"shipping-taxable","21":"purchasable","22":"product-type-simple","23":"add-to-wishlist-after_add_to_cart"},"bundled_by":[],"bundle_stock_status":"instock","bundle_stock_quantity":18,"bundle_virtual":false,"bundle_layout":"","bundle_add_to_cart_form_location":"","bundle_editable_in_cart":false,"bundle_sold_individually_context":"","bundle_item_grouping":"","bundle_min_size":"","bundle_max_size":"","bundle_price":[],"bundled_items":[],"bundle_sell_ids":[],"acf":[],"_links":{"self":[{"href":"https:\/\/www.fiatvanderlaan.com\/fr\/wp-json\/wp\/v2\/product\/117224","targetHints":{"allow":["GET"]}}],"collection":[{"href":"https:\/\/www.fiatvanderlaan.com\/fr\/wp-json\/wp\/v2\/product"}],"about":[{"href":"https:\/\/www.fiatvanderlaan.com\/fr\/wp-json\/wp\/v2\/types\/product"}],"wp:featuredmedia":[{"embeddable":true,"href":"https:\/\/www.fiatvanderlaan.com\/fr\/wp-json\/wp\/v2\/media\/117197"}],"wp:attachment":[{"href":"https:\/\/www.fiatvanderlaan.com\/fr\/wp-json\/wp\/v2\/media?parent=117224"}],"wp:term":[{"taxonomy":"product_brand","embeddable":true,"href":"https:\/\/www.fiatvanderlaan.com\/fr\/wp-json\/wp\/v2\/product_brand?post=117224"},{"taxonomy":"product_cat","embeddable":true,"href":"https:\/\/www.fiatvanderlaan.com\/fr\/wp-json\/wp\/v2\/product_cat?post=117224"},{"taxonomy":"product_tag","embeddable":true,"href":"https:\/\/www.fiatvanderlaan.com\/fr\/wp-json\/wp\/v2\/product_tag?post=117224"}],"curies":[{"name":"wp","href":"https:\/\/api.w.org\/{rel}","templated":true}]}}