{"id":115601,"date":"2026-01-16T10:19:24","date_gmt":"2026-01-16T09:19:24","guid":{"rendered":"https:\/\/www.fiatvanderlaan.com\/product\/ouvre-bouchon-ecomaxx-pour-bidon-de-20l\/"},"modified":"2026-01-16T10:24:22","modified_gmt":"2026-01-16T09:24:22","slug":"ouvre-bouchon-ecomaxx-pour-bidon-de-20l","status":"publish","type":"product","link":"https:\/\/www.fiatvanderlaan.com\/fr\/produit\/ouvre-bouchon-ecomaxx-pour-bidon-de-20l\/","title":{"rendered":"Ecomaxx D\u00e9capsuleur pour jerrycan 20l"},"content":{"rendered":"<p>Utilisez ce d\u00e9capsuleur pratique pour ouvrir sans effort votre jerrycan Ecomaxx.<\/p>\n<ul>\n<li>D\u00e9visse sans effort les bidons<\/li>\n<li>Fabriqu\u00e9 en plastique solide<\/li>\n<\/ul>\n","protected":false},"excerpt":{"rendered":"<p>Utilisez ce d\u00e9capsuleur pratique pour ouvrir sans effort votre jerrycan Ecomaxx. D\u00e9visse sans effort les bidons Fabriqu\u00e9 en plastique solide<\/p>\n","protected":false},"featured_media":115599,"template":"","meta":{"_acf_changed":false,"_seopress_robots_primary_cat":"none","_seopress_titles_title":"","_seopress_titles_desc":"","_seopress_robots_index":"","site-sidebar-layout":"default","site-content-layout":"","ast-site-content-layout":"default","site-content-style":"default","site-sidebar-style":"default","ast-global-header-display":"","ast-banner-title-visibility":"","ast-main-header-display":"","ast-hfb-above-header-display":"","ast-hfb-below-header-display":"","ast-hfb-mobile-header-display":"","site-post-title":"","ast-breadcrumbs-content":"","ast-featured-img":"","footer-sml-layout":"","ast-disable-related-posts":"","theme-transparent-header-meta":"default","adv-header-id-meta":"","stick-header-meta":"default","header-above-stick-meta":"","header-main-stick-meta":"","header-below-stick-meta":"","astra-migrate-meta-layouts":"default","ast-page-background-enabled":"default","ast-page-background-meta":{"desktop":{"background-color":"var(--ast-global-color-4)","background-image":"","background-repeat":"repeat","background-position":"center center","background-size":"auto","background-attachment":"scroll","background-type":"","background-media":"","overlay-type":"","overlay-color":"","overlay-opacity":"","overlay-gradient":""},"tablet":{"background-color":"","background-image":"","background-repeat":"repeat","background-position":"center center","background-size":"auto","background-attachment":"scroll","background-type":"","background-media":"","overlay-type":"","overlay-color":"","overlay-opacity":"","overlay-gradient":""},"mobile":{"background-color":"","background-image":"","background-repeat":"repeat","background-position":"center center","background-size":"auto","background-attachment":"scroll","background-type":"","background-media":"","overlay-type":"","overlay-color":"","overlay-opacity":"","overlay-gradient":""}},"ast-content-background-meta":{"desktop":{"background-color":"var(--ast-global-color-5)","background-image":"","background-repeat":"repeat","background-position":"center center","background-size":"auto","background-attachment":"scroll","background-type":"","background-media":"","overlay-type":"","overlay-color":"","overlay-opacity":"","overlay-gradient":""},"tablet":{"background-color":"var(--ast-global-color-5)","background-image":"","background-repeat":"repeat","background-position":"center center","background-size":"auto","background-attachment":"scroll","background-type":"","background-media":"","overlay-type":"","overlay-color":"","overlay-opacity":"","overlay-gradient":""},"mobile":{"background-color":"var(--ast-global-color-5)","background-image":"","background-repeat":"repeat","background-position":"center center","background-size":"auto","background-attachment":"scroll","background-type":"","background-media":"","overlay-type":"","overlay-color":"","overlay-opacity":"","overlay-gradient":""}}},"product_brand":[1151],"product_cat":[849],"product_tag":[421],"class_list":{"0":"post-115601","1":"product","2":"type-product","3":"status-publish","4":"has-post-thumbnail","6":"product_brand-ecomaxx","7":"product_cat-lubrifiants-et-liquides","8":"product_tag-pasderabais","9":"desktop-align-center","10":"tablet-align-center","11":"mobile-align-center","12":"ast-product-gallery-layout-horizontal-slider","13":"ast-product-gallery-with-no-image","14":"ast-magnify-disabled","15":"ast-product-tabs-layout-distributed","16":"ast-qv-on-image","18":"first","19":"instock","20":"taxable","21":"shipping-taxable","22":"purchasable","23":"product-type-simple","24":"add-to-wishlist-after_add_to_cart"},"bundled_by":[],"bundle_stock_status":"instock","bundle_stock_quantity":3,"bundle_virtual":false,"bundle_layout":"","bundle_add_to_cart_form_location":"","bundle_editable_in_cart":false,"bundle_sold_individually_context":"","bundle_item_grouping":"","bundle_min_size":"","bundle_max_size":"","bundle_price":[],"bundled_items":[],"bundle_sell_ids":[],"acf":[],"_links":{"self":[{"href":"https:\/\/www.fiatvanderlaan.com\/fr\/wp-json\/wp\/v2\/product\/115601","targetHints":{"allow":["GET"]}}],"collection":[{"href":"https:\/\/www.fiatvanderlaan.com\/fr\/wp-json\/wp\/v2\/product"}],"about":[{"href":"https:\/\/www.fiatvanderlaan.com\/fr\/wp-json\/wp\/v2\/types\/product"}],"wp:featuredmedia":[{"embeddable":true,"href":"https:\/\/www.fiatvanderlaan.com\/fr\/wp-json\/wp\/v2\/media\/115599"}],"wp:attachment":[{"href":"https:\/\/www.fiatvanderlaan.com\/fr\/wp-json\/wp\/v2\/media?parent=115601"}],"wp:term":[{"taxonomy":"product_brand","embeddable":true,"href":"https:\/\/www.fiatvanderlaan.com\/fr\/wp-json\/wp\/v2\/product_brand?post=115601"},{"taxonomy":"product_cat","embeddable":true,"href":"https:\/\/www.fiatvanderlaan.com\/fr\/wp-json\/wp\/v2\/product_cat?post=115601"},{"taxonomy":"product_tag","embeddable":true,"href":"https:\/\/www.fiatvanderlaan.com\/fr\/wp-json\/wp\/v2\/product_tag?post=115601"}],"curies":[{"name":"wp","href":"https:\/\/api.w.org\/{rel}","templated":true}]}}