{"id":110626,"date":"2025-12-22T14:14:57","date_gmt":"2025-12-22T13:14:57","guid":{"rendered":"https:\/\/www.fiatvanderlaan.com\/product\/serviette-de-nettoyage-pour-voiture-verte\/"},"modified":"2026-04-02T12:54:14","modified_gmt":"2026-04-02T10:54:14","slug":"serviette-de-nettoyage-pour-voiture-verte","status":"publish","type":"product","link":"https:\/\/www.fiatvanderlaan.com\/fr\/produit\/serviette-de-nettoyage-pour-voiture-verte\/","title":{"rendered":"Serviette de nettoyage pour voiture &#8211; verte"},"content":{"rendered":"<p>Cette serviette est pratique lorsque votre Fiat est mouill\u00e9e de fa\u00e7on inattendue pendant un trajet. Vous pouvez \u00e9galement l&#8217;utiliser pour s\u00e9cher votre Fiat apr\u00e8s l&#8217;avoir lav\u00e9e ou pour enlever la poussi\u00e8re. <\/p>\n<p>Sp\u00e9cifications<\/p>\n<ul>\n<li>Super absorbant<\/li>\n<li>Couleur inalt\u00e9rable (ne se d\u00e9colore pas)<\/li>\n<li>Non pelucheux<\/li>\n<li>Douceur<\/li>\n<li>Facile \u00e0 nettoyer<\/li>\n<li>Excellent pour le d\u00e9poussi\u00e9rage<\/li>\n<li>Longue dur\u00e9e<\/li>\n<\/ul>\n<p>Mati\u00e8re : 80% polyester &#8211; 20% polyamide Polaire corail<\/p>\n<p>Poids : 800 g\/m2<\/p>\n","protected":false},"excerpt":{"rendered":"<p>Cette serviette est pratique lorsque votre Fiat est mouill\u00e9e de fa\u00e7on inattendue pendant un trajet. Vous pouvez \u00e9galement l&#8217;utiliser pour s\u00e9cher votre Fiat apr\u00e8s l&#8217;avoir lav\u00e9e ou pour enlever la poussi\u00e8re. Sp\u00e9cifications Super absorbant Couleur inalt\u00e9rable (ne se d\u00e9colore pas) Non pelucheux Douceur Facile \u00e0 nettoyer Excellent pour le d\u00e9poussi\u00e9rage Longue dur\u00e9e Mati\u00e8re : 80% [&hellip;]<\/p>\n","protected":false},"featured_media":110617,"template":"","meta":{"_acf_changed":false,"_seopress_robots_primary_cat":"none","_seopress_titles_title":"","_seopress_titles_desc":"","_seopress_robots_index":"","site-sidebar-layout":"default","site-content-layout":"","ast-site-content-layout":"default","site-content-style":"default","site-sidebar-style":"default","ast-global-header-display":"","ast-banner-title-visibility":"","ast-main-header-display":"","ast-hfb-above-header-display":"","ast-hfb-below-header-display":"","ast-hfb-mobile-header-display":"","site-post-title":"","ast-breadcrumbs-content":"","ast-featured-img":"","footer-sml-layout":"","ast-disable-related-posts":"","theme-transparent-header-meta":"default","adv-header-id-meta":"","stick-header-meta":"default","header-above-stick-meta":"","header-main-stick-meta":"","header-below-stick-meta":"","astra-migrate-meta-layouts":"default","ast-page-background-enabled":"default","ast-page-background-meta":{"desktop":{"background-color":"var(--ast-global-color-4)","background-image":"","background-repeat":"repeat","background-position":"center center","background-size":"auto","background-attachment":"scroll","background-type":"","background-media":"","overlay-type":"","overlay-color":"","overlay-opacity":"","overlay-gradient":""},"tablet":{"background-color":"","background-image":"","background-repeat":"repeat","background-position":"center center","background-size":"auto","background-attachment":"scroll","background-type":"","background-media":"","overlay-type":"","overlay-color":"","overlay-opacity":"","overlay-gradient":""},"mobile":{"background-color":"","background-image":"","background-repeat":"repeat","background-position":"center center","background-size":"auto","background-attachment":"scroll","background-type":"","background-media":"","overlay-type":"","overlay-color":"","overlay-opacity":"","overlay-gradient":""}},"ast-content-background-meta":{"desktop":{"background-color":"var(--ast-global-color-5)","background-image":"","background-repeat":"repeat","background-position":"center center","background-size":"auto","background-attachment":"scroll","background-type":"","background-media":"","overlay-type":"","overlay-color":"","overlay-opacity":"","overlay-gradient":""},"tablet":{"background-color":"var(--ast-global-color-5)","background-image":"","background-repeat":"repeat","background-position":"center center","background-size":"auto","background-attachment":"scroll","background-type":"","background-media":"","overlay-type":"","overlay-color":"","overlay-opacity":"","overlay-gradient":""},"mobile":{"background-color":"var(--ast-global-color-5)","background-image":"","background-repeat":"repeat","background-position":"center center","background-size":"auto","background-attachment":"scroll","background-type":"","background-media":"","overlay-type":"","overlay-color":"","overlay-opacity":"","overlay-gradient":""}}},"product_brand":[],"product_cat":[847,355],"product_tag":[],"class_list":{"0":"post-110626","1":"product","2":"type-product","3":"status-publish","4":"has-post-thumbnail","6":"product_cat-boutique","7":"product_cat-nettoyage","8":"desktop-align-center","9":"tablet-align-center","10":"mobile-align-center","11":"ast-product-gallery-layout-horizontal-slider","12":"ast-magnify-disabled","13":"ast-product-tabs-layout-distributed","14":"ast-qv-on-image","16":"first","17":"instock","18":"sale","19":"taxable","20":"shipping-taxable","21":"purchasable","22":"product-type-simple","23":"add-to-wishlist-after_add_to_cart"},"bundled_by":[],"bundle_stock_status":"instock","bundle_stock_quantity":444,"bundle_virtual":false,"bundle_layout":"","bundle_add_to_cart_form_location":"","bundle_editable_in_cart":false,"bundle_sold_individually_context":"","bundle_item_grouping":"","bundle_min_size":"","bundle_max_size":"","bundle_price":[],"bundled_items":[],"bundle_sell_ids":[],"acf":[],"_links":{"self":[{"href":"https:\/\/www.fiatvanderlaan.com\/fr\/wp-json\/wp\/v2\/product\/110626","targetHints":{"allow":["GET"]}}],"collection":[{"href":"https:\/\/www.fiatvanderlaan.com\/fr\/wp-json\/wp\/v2\/product"}],"about":[{"href":"https:\/\/www.fiatvanderlaan.com\/fr\/wp-json\/wp\/v2\/types\/product"}],"wp:featuredmedia":[{"embeddable":true,"href":"https:\/\/www.fiatvanderlaan.com\/fr\/wp-json\/wp\/v2\/media\/110617"}],"wp:attachment":[{"href":"https:\/\/www.fiatvanderlaan.com\/fr\/wp-json\/wp\/v2\/media?parent=110626"}],"wp:term":[{"taxonomy":"product_brand","embeddable":true,"href":"https:\/\/www.fiatvanderlaan.com\/fr\/wp-json\/wp\/v2\/product_brand?post=110626"},{"taxonomy":"product_cat","embeddable":true,"href":"https:\/\/www.fiatvanderlaan.com\/fr\/wp-json\/wp\/v2\/product_cat?post=110626"},{"taxonomy":"product_tag","embeddable":true,"href":"https:\/\/www.fiatvanderlaan.com\/fr\/wp-json\/wp\/v2\/product_tag?post=110626"}],"curies":[{"name":"wp","href":"https:\/\/api.w.org\/{rel}","templated":true}]}}