{"id":109420,"date":"2025-12-13T15:16:11","date_gmt":"2025-12-13T14:16:11","guid":{"rendered":"https:\/\/www.fiatvanderlaan.com\/product\/nettoyant-de-freins-500ml\/"},"modified":"2026-04-21T13:28:44","modified_gmt":"2026-04-21T11:28:44","slug":"nettoyant-de-freins-500ml","status":"publish","type":"product","link":"https:\/\/www.fiatvanderlaan.com\/fr\/produit\/nettoyant-de-freins-500ml\/","title":{"rendered":"Nettoyant De Freins 500ml"},"content":{"rendered":"<p>Eliminez facilement la salet\u00e9 de vos freins avec le nettoyant pour freins MOTIP. Le nettoyant pour freins peut \u00eatre utilis\u00e9 sur les freins \u00e0 tambour, les freins \u00e0 disque, les garnitures de frein, les \u00e9triers et les m\u00e2choires de frein. Le nettoyant pour freins poss\u00e8de d&#8217;excellentes propri\u00e9t\u00e9s de dissolution, ne laisse aucun r\u00e9sidu et est non conducteur et non corrosif. Le nettoyant pour freins MOTIP a un jet puissant et peut \u00eatre utilis\u00e9 dans diff\u00e9rentes positions.   <\/p>\n<p><strong>Caract\u00e9ristiques<\/strong><\/p>\n<ul>\n<li>Pulv\u00e9risation puissante<\/li>\n<li>Excellente propri\u00e9t\u00e9 de dissolution<\/li>\n<li>Ne laisse aucun r\u00e9sidu<\/li>\n<li>Non conducteur et non corrosif<\/li>\n<li>Valve 360<\/li>\n<\/ul>\n<p><strong>Instructions d&#8217;utilisation<\/strong><br \/>\nAvant toute utilisation, lisez attentivement les instructions figurant sur l&#8217;emballage et agissez en cons\u00e9quence.<\/p>\n<ul>\n<li>L&#8217;a\u00e9rosol doit \u00eatre \u00e0 temp\u00e9rature ambiante.<\/li>\n<li>La meilleure temp\u00e9rature de traitement se situe entre 10 et 25\u00b0C.<\/li>\n<li>Avant utilisation, agitez l&#8217;a\u00e9rosol pendant 2 minutes.<\/li>\n<li>Pulv\u00e9riser les pi\u00e8ces jusqu&#8217;\u00e0 ce que la contamination ait disparu<\/li>\n<li>Le nettoyant pour freins \u00e0 main contamin\u00e9 doit \u00eatre consid\u00e9r\u00e9 comme un d\u00e9chet chimique.<\/li>\n<\/ul>\n<p>Le TDS et le SDS sont disponibles sur le site web du <a href=\"https:\/\/www.motip.com\/fr-fr\/automobile-produits\/sprays-techniques\/nettoyage\/nettoyant-de-freins?language=fr\" target=\"_blank\" rel=\"noopener\">MOTIP<\/a>.<\/p>\n","protected":false},"excerpt":{"rendered":"<p>Eliminez facilement la salet\u00e9 de vos freins avec le nettoyant pour freins MOTIP. Le nettoyant pour freins peut \u00eatre utilis\u00e9 sur les freins \u00e0 tambour, les freins \u00e0 disque, les garnitures de frein, les \u00e9triers et les m\u00e2choires de frein. Le nettoyant pour freins poss\u00e8de d&#8217;excellentes propri\u00e9t\u00e9s de dissolution, ne laisse aucun r\u00e9sidu et est [&hellip;]<\/p>\n","protected":false},"featured_media":109418,"template":"","meta":{"_acf_changed":false,"_seopress_robots_primary_cat":"none","_seopress_titles_title":"","_seopress_titles_desc":"","_seopress_robots_index":"","site-sidebar-layout":"default","site-content-layout":"","ast-site-content-layout":"default","site-content-style":"default","site-sidebar-style":"default","ast-global-header-display":"","ast-banner-title-visibility":"","ast-main-header-display":"","ast-hfb-above-header-display":"","ast-hfb-below-header-display":"","ast-hfb-mobile-header-display":"","site-post-title":"","ast-breadcrumbs-content":"","ast-featured-img":"","footer-sml-layout":"","ast-disable-related-posts":"","theme-transparent-header-meta":"default","adv-header-id-meta":"","stick-header-meta":"default","header-above-stick-meta":"","header-main-stick-meta":"","header-below-stick-meta":"","astra-migrate-meta-layouts":"default","ast-page-background-enabled":"default","ast-page-background-meta":{"desktop":{"background-color":"var(--ast-global-color-4)","background-image":"","background-repeat":"repeat","background-position":"center center","background-size":"auto","background-attachment":"scroll","background-type":"","background-media":"","overlay-type":"","overlay-color":"","overlay-opacity":"","overlay-gradient":""},"tablet":{"background-color":"","background-image":"","background-repeat":"repeat","background-position":"center center","background-size":"auto","background-attachment":"scroll","background-type":"","background-media":"","overlay-type":"","overlay-color":"","overlay-opacity":"","overlay-gradient":""},"mobile":{"background-color":"","background-image":"","background-repeat":"repeat","background-position":"center center","background-size":"auto","background-attachment":"scroll","background-type":"","background-media":"","overlay-type":"","overlay-color":"","overlay-opacity":"","overlay-gradient":""}},"ast-content-background-meta":{"desktop":{"background-color":"var(--ast-global-color-5)","background-image":"","background-repeat":"repeat","background-position":"center center","background-size":"auto","background-attachment":"scroll","background-type":"","background-media":"","overlay-type":"","overlay-color":"","overlay-opacity":"","overlay-gradient":""},"tablet":{"background-color":"var(--ast-global-color-5)","background-image":"","background-repeat":"repeat","background-position":"center center","background-size":"auto","background-attachment":"scroll","background-type":"","background-media":"","overlay-type":"","overlay-color":"","overlay-opacity":"","overlay-gradient":""},"mobile":{"background-color":"var(--ast-global-color-5)","background-image":"","background-repeat":"repeat","background-position":"center center","background-size":"auto","background-attachment":"scroll","background-type":"","background-media":"","overlay-type":"","overlay-color":"","overlay-opacity":"","overlay-gradient":""}}},"product_brand":[1144],"product_cat":[849],"product_tag":[],"class_list":{"0":"post-109420","1":"product","2":"type-product","3":"status-publish","4":"has-post-thumbnail","6":"product_brand-motip","7":"product_cat-lubrifiants-et-liquides","8":"desktop-align-center","9":"tablet-align-center","10":"mobile-align-center","11":"ast-product-gallery-layout-horizontal-slider","12":"ast-product-gallery-with-no-image","13":"ast-magnify-disabled","14":"ast-product-tabs-layout-distributed","15":"ast-qv-on-image","17":"first","18":"instock","19":"taxable","20":"shipping-taxable","21":"purchasable","22":"product-type-simple","23":"add-to-wishlist-after_add_to_cart"},"bundled_by":[],"bundle_stock_status":"instock","bundle_stock_quantity":20,"bundle_virtual":false,"bundle_layout":"","bundle_add_to_cart_form_location":"","bundle_editable_in_cart":false,"bundle_sold_individually_context":"","bundle_item_grouping":"","bundle_min_size":"","bundle_max_size":"","bundle_price":[],"bundled_items":[],"bundle_sell_ids":[],"acf":[],"_links":{"self":[{"href":"https:\/\/www.fiatvanderlaan.com\/fr\/wp-json\/wp\/v2\/product\/109420","targetHints":{"allow":["GET"]}}],"collection":[{"href":"https:\/\/www.fiatvanderlaan.com\/fr\/wp-json\/wp\/v2\/product"}],"about":[{"href":"https:\/\/www.fiatvanderlaan.com\/fr\/wp-json\/wp\/v2\/types\/product"}],"wp:featuredmedia":[{"embeddable":true,"href":"https:\/\/www.fiatvanderlaan.com\/fr\/wp-json\/wp\/v2\/media\/109418"}],"wp:attachment":[{"href":"https:\/\/www.fiatvanderlaan.com\/fr\/wp-json\/wp\/v2\/media?parent=109420"}],"wp:term":[{"taxonomy":"product_brand","embeddable":true,"href":"https:\/\/www.fiatvanderlaan.com\/fr\/wp-json\/wp\/v2\/product_brand?post=109420"},{"taxonomy":"product_cat","embeddable":true,"href":"https:\/\/www.fiatvanderlaan.com\/fr\/wp-json\/wp\/v2\/product_cat?post=109420"},{"taxonomy":"product_tag","embeddable":true,"href":"https:\/\/www.fiatvanderlaan.com\/fr\/wp-json\/wp\/v2\/product_tag?post=109420"}],"curies":[{"name":"wp","href":"https:\/\/api.w.org\/{rel}","templated":true}]}}