{"id":109412,"date":"2025-12-13T15:04:32","date_gmt":"2025-12-13T14:04:32","guid":{"rendered":"https:\/\/www.fiatvanderlaan.com\/product\/eurol-vaseline-protect-spray-400ml\/"},"modified":"2025-12-13T15:06:53","modified_gmt":"2025-12-13T14:06:53","slug":"eurol-vaseline-protect-spray-400ml","status":"publish","type":"product","link":"https:\/\/www.fiatvanderlaan.com\/fr\/produit\/eurol-vaseline-protect-spray-400ml\/","title":{"rendered":"Eurol Vaseline Protect Spray 400ml"},"content":{"rendered":"<p>Vaporisateur de vaseline sans acide<\/p>\n<p>Secouez bien la bombe avant chaque utilisation, pendant au moins 10 secondes. Vaporisez \u00e0 une distance d&#8217;environ 20 cm sur l&#8217;objet \u00e0 traiter. Appliquez la quantit\u00e9 souhait\u00e9e.  <\/p>\n<p>Utiliser uniquement \u00e0 l&#8217;ext\u00e9rieur ou dans un endroit bien ventil\u00e9. En cas de contact avec les yeux, rincer imm\u00e9diatement et abondamment avec de l&#8217;eau. Facilement inflammable.  <\/p>\n<p>Eurol Vaseline Spray se conserve 3 ans dans un endroit frais et sec, \u00e0 une temp\u00e9rature minimale de +5\u00b0C et maximale de +25\u00b0C.<\/p>\n<p><strong>Application<\/strong><\/p>\n<ul>\n<li>Panneaux de contr\u00f4le des \u00e9quipements audio<\/li>\n<li>Bornes de batterie<\/li>\n<li>Contacts \u00e9lectriques<\/li>\n<\/ul>\n<p><strong>Avantages du produit<\/strong><\/p>\n<ul>\n<li>Un lubrifiant efficace pour d\u00e9coller les pi\u00e8ces rouill\u00e9es.<\/li>\n<li>Tr\u00e8s bonne adh\u00e9rence pour une protection durable contre la corrosion et les intemp\u00e9ries, avec un effet lubrifiant suppl\u00e9mentaire.<\/li>\n<li>Forme une fine couche protectrice non acide qui emp\u00eache la formation de rouille sur les bornes de batterie, les rayons, les serrures, les bouchons et les raccords viss\u00e9s, et prot\u00e8ge les joints de porte contre le gel.<\/li>\n<\/ul>\n<p><a href=\"https:\/\/sirv.eurol.com\/eurol\/PI\/FR\/FR_E701380_PI.pdf\"><span class=\"text-base font-size-small font-size-lg-base text-muted--40\">Informations sur le produit<\/span><\/a><\/p>\n<p><a href=\"https:\/\/sirv.eurol.com\/eurol\/SDS\/FR\/FR_E701380_SDS.pdf\"> <span class=\"text-base font-size-small font-size-lg-base text-muted--40\">Informations sur la s\u00e9curit\u00e9<\/span><\/a><\/p>\n","protected":false},"excerpt":{"rendered":"<p>Vaporisateur de vaseline sans acide Secouez bien la bombe avant chaque utilisation, pendant au moins 10 secondes. Vaporisez \u00e0 une distance d&#8217;environ 20 cm sur l&#8217;objet \u00e0 traiter. Appliquez la quantit\u00e9 souhait\u00e9e. Utiliser uniquement \u00e0 l&#8217;ext\u00e9rieur ou dans un endroit bien ventil\u00e9. En cas de contact avec les yeux, rincer imm\u00e9diatement et abondamment avec de [&hellip;]<\/p>\n","protected":false},"featured_media":109410,"template":"","meta":{"_acf_changed":false,"_seopress_robots_primary_cat":"","_seopress_titles_title":"","_seopress_titles_desc":"","_seopress_robots_index":"","site-sidebar-layout":"default","site-content-layout":"","ast-site-content-layout":"default","site-content-style":"default","site-sidebar-style":"default","ast-global-header-display":"","ast-banner-title-visibility":"","ast-main-header-display":"","ast-hfb-above-header-display":"","ast-hfb-below-header-display":"","ast-hfb-mobile-header-display":"","site-post-title":"","ast-breadcrumbs-content":"","ast-featured-img":"","footer-sml-layout":"","ast-disable-related-posts":"","theme-transparent-header-meta":"default","adv-header-id-meta":"","stick-header-meta":"default","header-above-stick-meta":"","header-main-stick-meta":"","header-below-stick-meta":"","astra-migrate-meta-layouts":"default","ast-page-background-enabled":"default","ast-page-background-meta":{"desktop":{"background-color":"var(--ast-global-color-4)","background-image":"","background-repeat":"repeat","background-position":"center center","background-size":"auto","background-attachment":"scroll","background-type":"","background-media":"","overlay-type":"","overlay-color":"","overlay-opacity":"","overlay-gradient":""},"tablet":{"background-color":"","background-image":"","background-repeat":"repeat","background-position":"center center","background-size":"auto","background-attachment":"scroll","background-type":"","background-media":"","overlay-type":"","overlay-color":"","overlay-opacity":"","overlay-gradient":""},"mobile":{"background-color":"","background-image":"","background-repeat":"repeat","background-position":"center center","background-size":"auto","background-attachment":"scroll","background-type":"","background-media":"","overlay-type":"","overlay-color":"","overlay-opacity":"","overlay-gradient":""}},"ast-content-background-meta":{"desktop":{"background-color":"var(--ast-global-color-5)","background-image":"","background-repeat":"repeat","background-position":"center center","background-size":"auto","background-attachment":"scroll","background-type":"","background-media":"","overlay-type":"","overlay-color":"","overlay-opacity":"","overlay-gradient":""},"tablet":{"background-color":"var(--ast-global-color-5)","background-image":"","background-repeat":"repeat","background-position":"center center","background-size":"auto","background-attachment":"scroll","background-type":"","background-media":"","overlay-type":"","overlay-color":"","overlay-opacity":"","overlay-gradient":""},"mobile":{"background-color":"var(--ast-global-color-5)","background-image":"","background-repeat":"repeat","background-position":"center center","background-size":"auto","background-attachment":"scroll","background-type":"","background-media":"","overlay-type":"","overlay-color":"","overlay-opacity":"","overlay-gradient":""}}},"product_brand":[1140],"product_cat":[849],"product_tag":[],"class_list":{"0":"post-109412","1":"product","2":"type-product","3":"status-publish","4":"has-post-thumbnail","6":"product_brand-eurol","7":"product_cat-lubrifiants-et-liquides","8":"desktop-align-center","9":"tablet-align-center","10":"mobile-align-center","11":"ast-product-gallery-layout-horizontal-slider","12":"ast-product-gallery-with-no-image","13":"ast-magnify-disabled","14":"ast-product-tabs-layout-distributed","15":"ast-qv-on-image","17":"first","18":"instock","19":"taxable","20":"shipping-taxable","21":"purchasable","22":"product-type-simple","23":"add-to-wishlist-after_add_to_cart"},"bundled_by":[],"bundle_stock_status":"instock","bundle_stock_quantity":10,"bundle_virtual":false,"bundle_layout":"","bundle_add_to_cart_form_location":"","bundle_editable_in_cart":false,"bundle_sold_individually_context":"","bundle_item_grouping":"","bundle_min_size":"","bundle_max_size":"","bundle_price":[],"bundled_items":[],"bundle_sell_ids":[],"acf":[],"_links":{"self":[{"href":"https:\/\/www.fiatvanderlaan.com\/fr\/wp-json\/wp\/v2\/product\/109412","targetHints":{"allow":["GET"]}}],"collection":[{"href":"https:\/\/www.fiatvanderlaan.com\/fr\/wp-json\/wp\/v2\/product"}],"about":[{"href":"https:\/\/www.fiatvanderlaan.com\/fr\/wp-json\/wp\/v2\/types\/product"}],"wp:featuredmedia":[{"embeddable":true,"href":"https:\/\/www.fiatvanderlaan.com\/fr\/wp-json\/wp\/v2\/media\/109410"}],"wp:attachment":[{"href":"https:\/\/www.fiatvanderlaan.com\/fr\/wp-json\/wp\/v2\/media?parent=109412"}],"wp:term":[{"taxonomy":"product_brand","embeddable":true,"href":"https:\/\/www.fiatvanderlaan.com\/fr\/wp-json\/wp\/v2\/product_brand?post=109412"},{"taxonomy":"product_cat","embeddable":true,"href":"https:\/\/www.fiatvanderlaan.com\/fr\/wp-json\/wp\/v2\/product_cat?post=109412"},{"taxonomy":"product_tag","embeddable":true,"href":"https:\/\/www.fiatvanderlaan.com\/fr\/wp-json\/wp\/v2\/product_tag?post=109412"}],"curies":[{"name":"wp","href":"https:\/\/api.w.org\/{rel}","templated":true}]}}