{"id":30983,"date":"2022-09-14T13:54:12","date_gmt":"2022-09-14T12:54:12","guid":{"rendered":"https:\/\/www.fiatvanderlaan.nl\/?page_id=30983"},"modified":"2025-08-02T22:18:50","modified_gmt":"2025-08-02T20:18:50","slug":"remise","status":"publish","type":"page","link":"https:\/\/www.fiatvanderlaan.com\/fr\/remise\/","title":{"rendered":"Remise"},"content":{"rendered":"\t\t<div data-elementor-type=\"wp-page\" data-elementor-id=\"30983\" class=\"elementor elementor-30983 elementor-30982\" data-elementor-post-type=\"page\">\n\t\t\t\t\t\t<section class=\"elementor-section elementor-top-section elementor-element elementor-element-df17328 elementor-section-boxed elementor-section-height-default elementor-section-height-default\" data-id=\"df17328\" data-element_type=\"section\" data-e-type=\"section\">\n\t\t\t\t\t\t<div class=\"elementor-container elementor-column-gap-default\">\n\t\t\t\t\t\t<\/div>\n\t\t<\/section>\n\t\t\t\t<section class=\"elementor-section elementor-top-section elementor-element elementor-element-5ae553e elementor-section-boxed elementor-section-height-default elementor-section-height-default\" data-id=\"5ae553e\" data-element_type=\"section\" data-e-type=\"section\">\n\t\t\t\t\t\t<div class=\"elementor-container elementor-column-gap-default\">\n\t\t\t\t\t<div class=\"elementor-column elementor-col-100 elementor-top-column elementor-element elementor-element-0f50531\" data-id=\"0f50531\" data-element_type=\"column\" data-e-type=\"column\">\n\t\t\t<div class=\"elementor-widget-wrap elementor-element-populated\">\n\t\t\t\t\t\t<div class=\"elementor-element elementor-element-ad6f7e2 elementor-widget elementor-widget-heading\" data-id=\"ad6f7e2\" data-element_type=\"widget\" data-e-type=\"widget\" data-widget_type=\"heading.default\">\n\t\t\t\t<div class=\"elementor-widget-container\">\n\t\t\t\t\t<h2 class=\"elementor-heading-title elementor-size-default\">Remise<\/h2>\t\t\t\t<\/div>\n\t\t\t\t<\/div>\n\t\t\t\t<div class=\"elementor-element elementor-element-7650fdf elementor-widget elementor-widget-text-editor\" data-id=\"7650fdf\" data-element_type=\"widget\" data-e-type=\"widget\" data-widget_type=\"text-editor.default\">\n\t\t\t\t<div class=\"elementor-widget-container\">\n\t\t\t\t\t\t\t\t\t<p><strong>Plus vous achetez, plus vous b\u00e9n\u00e9ficiez de r\u00e9ductions !<\/strong><\/p>\n<div>\n<p>Vous b\u00e9n\u00e9ficierez d&#8217;une remise de 5% sur les commandes sup\u00e9rieures \u00e0 \u20ac500,-.<br>Vous b\u00e9n\u00e9ficierez d&#8217;une remise de 10 % sur les commandes sup\u00e9rieures \u00e0 1 000 \u20ac.<\/p>\n<p><strong>Le total de vos commandes des 6 derniers mois est-il sup\u00e9rieur \u00e0 1000 \u20ac ? La restauration de votre Fiat \u00e0 toute vitesse \ud83d\ude42<br><\/strong><\/p>\n<p>Vous b\u00e9n\u00e9ficierez d&#8217;une remise de 5 % sur les commandes sup\u00e9rieures \u00e0 250 euros.<br>Vous b\u00e9n\u00e9ficierez d&#8217;une remise de 10 % sur les commandes sup\u00e9rieures \u00e0 500 euros.<\/p>\n<\/div>\n<p>La remise ne s&#8217;applique pas \u00e0 ces articles, entre autres :<\/p>\n<ul>\n<li>123ignition<\/li>\n<li>ensembles de tissus d&#8217;ameublement<\/li>\n<li>pi\u00e8ces de r\u00e9vision<\/li>\n<li>bons d&#8217;achat<\/li>\n<li>portes<\/li><li>pneus<\/li>\n<\/ul>\n<p>Pour b\u00e9n\u00e9ficier de la r\u00e9duction, vous devez avoir un compte et \u00eatre connect\u00e9. Veuillez <a href=\"https:\/\/www.fiatvanderlaan.com\/fr\/mon-compte\/\">vous inscrire<\/a> si vous n&#8217;avez pas encore de compte.<\/p>\n<p><strong>Nous ne pouvons pas traiter la r\u00e9duction apr\u00e8s avoir pass\u00e9 la commande ! Il est de votre responsabilit\u00e9 de vous connecter correctement et de v\u00e9rifier que vous b\u00e9n\u00e9ficiez de la bonne r\u00e9duction. Pas de connexion = pas de r\u00e9duction.  <\/strong><\/p>\t\t\t\t\t\t\t\t<\/div>\n\t\t\t\t<\/div>\n\t\t\t\t\t<\/div>\n\t\t<\/div>\n\t\t\t\t\t<\/div>\n\t\t<\/section>\n\t\t\t\t<\/div>\n\t\t","protected":false},"excerpt":{"rendered":"<p>\u00cates-vous un professionnel ? Si vous \u00eates un professionnel travaillant r\u00e9guli\u00e8rement avec la Fiat 500 (restauration, entretien, etc.), contactez-nous pour voir ce que nous pouvons faire l&#8217;un pour l&#8217;autre. Remise Plus vous achetez, plus vous b\u00e9n\u00e9ficiez de r\u00e9ductions ! Vous b\u00e9n\u00e9ficierez d&#8217;une remise de 5% sur les commandes sup\u00e9rieures \u00e0 \u20ac500,-.Vous b\u00e9n\u00e9ficierez d&#8217;une remise de [&hellip;]<\/p>\n","protected":false},"author":428,"featured_media":0,"parent":0,"menu_order":0,"comment_status":"closed","ping_status":"closed","template":"","meta":{"_acf_changed":false,"_seopress_robots_primary_cat":"","_seopress_titles_title":"","_seopress_titles_desc":"","_seopress_robots_index":"","site-sidebar-layout":"no-sidebar","site-content-layout":"default","ast-site-content-layout":"default","site-content-style":"default","site-sidebar-style":"default","ast-global-header-display":"","ast-banner-title-visibility":"","ast-main-header-display":"","ast-hfb-above-header-display":"","ast-hfb-below-header-display":"","ast-hfb-mobile-header-display":"","site-post-title":"disabled","ast-breadcrumbs-content":"","ast-featured-img":"disabled","footer-sml-layout":"","ast-disable-related-posts":"","theme-transparent-header-meta":"","adv-header-id-meta":"","stick-header-meta":"","header-above-stick-meta":"","header-main-stick-meta":"","header-below-stick-meta":"","astra-migrate-meta-layouts":"default","ast-page-background-enabled":"default","ast-page-background-meta":{"desktop":{"background-color":"var(--ast-global-color-4)","background-image":"","background-repeat":"repeat","background-position":"center center","background-size":"auto","background-attachment":"scroll","background-type":"","background-media":"","overlay-type":"","overlay-color":"","overlay-opacity":"","overlay-gradient":""},"tablet":{"background-color":"","background-image":"","background-repeat":"repeat","background-position":"center center","background-size":"auto","background-attachment":"scroll","background-type":"","background-media":"","overlay-type":"","overlay-color":"","overlay-opacity":"","overlay-gradient":""},"mobile":{"background-color":"","background-image":"","background-repeat":"repeat","background-position":"center center","background-size":"auto","background-attachment":"scroll","background-type":"","background-media":"","overlay-type":"","overlay-color":"","overlay-opacity":"","overlay-gradient":""}},"ast-content-background-meta":{"desktop":{"background-color":"var(--ast-global-color-5)","background-image":"","background-repeat":"repeat","background-position":"center center","background-size":"auto","background-attachment":"scroll","background-type":"","background-media":"","overlay-type":"","overlay-color":"","overlay-opacity":"","overlay-gradient":""},"tablet":{"background-color":"var(--ast-global-color-5)","background-image":"","background-repeat":"repeat","background-position":"center center","background-size":"auto","background-attachment":"scroll","background-type":"","background-media":"","overlay-type":"","overlay-color":"","overlay-opacity":"","overlay-gradient":""},"mobile":{"background-color":"var(--ast-global-color-5)","background-image":"","background-repeat":"repeat","background-position":"center center","background-size":"auto","background-attachment":"scroll","background-type":"","background-media":"","overlay-type":"","overlay-color":"","overlay-opacity":"","overlay-gradient":""}},"footnotes":""},"class_list":["post-30983","page","type-page","status-publish","hentry"],"acf":[],"_links":{"self":[{"href":"https:\/\/www.fiatvanderlaan.com\/fr\/wp-json\/wp\/v2\/pages\/30983","targetHints":{"allow":["GET"]}}],"collection":[{"href":"https:\/\/www.fiatvanderlaan.com\/fr\/wp-json\/wp\/v2\/pages"}],"about":[{"href":"https:\/\/www.fiatvanderlaan.com\/fr\/wp-json\/wp\/v2\/types\/page"}],"author":[{"embeddable":true,"href":"https:\/\/www.fiatvanderlaan.com\/fr\/wp-json\/wp\/v2\/users\/428"}],"replies":[{"embeddable":true,"href":"https:\/\/www.fiatvanderlaan.com\/fr\/wp-json\/wp\/v2\/comments?post=30983"}],"version-history":[{"count":0,"href":"https:\/\/www.fiatvanderlaan.com\/fr\/wp-json\/wp\/v2\/pages\/30983\/revisions"}],"wp:attachment":[{"href":"https:\/\/www.fiatvanderlaan.com\/fr\/wp-json\/wp\/v2\/media?parent=30983"}],"curies":[{"name":"wp","href":"https:\/\/api.w.org\/{rel}","templated":true}]}}